{"id":4041,"date":"2022-05-17T16:50:10","date_gmt":"2022-05-17T16:50:10","guid":{"rendered":"https:\/\/merchanlab.com.mx\/?page_id=4041"},"modified":"2022-12-15T19:42:55","modified_gmt":"2022-12-15T19:42:55","slug":"cloe","status":"publish","type":"page","link":"https:\/\/merchanlab.com.mx\/en\/cloe","title":{"rendered":"CLOE"},"content":{"rendered":"<p>Design of a small-format window display for the Guadalajara Airport store.<\/p>\n\n\n\n<div class=\"wp-block-jetpack-tiled-gallery aligncenter is-style-rectangular\"><div class=\"tiled-gallery__gallery\"><div class=\"tiled-gallery__row\"><div class=\"tiled-gallery__col\" style=\"flex-basis:35.80122%\"><figure class=\"tiled-gallery__item\"><img decoding=\"async\" srcset=\"https:\/\/i1.wp.com\/merchanlab.com.mx\/wp-content\/uploads\/2022\/12\/Merchanlab_Cloe_Escaparate-01-1-576x1024.jpg?strip=info&#038;w=600&#038;ssl=1 600w,https:\/\/i1.wp.com\/merchanlab.com.mx\/wp-content\/uploads\/2022\/12\/Merchanlab_Cloe_Escaparate-01-1-576x1024.jpg?strip=info&#038;w=900&#038;ssl=1 900w,https:\/\/i1.wp.com\/merchanlab.com.mx\/wp-content\/uploads\/2022\/12\/Merchanlab_Cloe_Escaparate-01-1-576x1024.jpg?strip=info&#038;w=1200&#038;ssl=1 1200w,https:\/\/i1.wp.com\/merchanlab.com.mx\/wp-content\/uploads\/2022\/12\/Merchanlab_Cloe_Escaparate-01-1-576x1024.jpg?strip=info&#038;w=1440&#038;ssl=1 1440w\" alt=\"\" data-height=\"2560\" data-id=\"5490\" data-link=\"https:\/\/merchanlab.com.mx\/cloe\/merchanlab_cloe_escaparate-01-1\" data-url=\"https:\/\/merchanlab.com.mx\/wp-content\/uploads\/2022\/12\/Merchanlab_Cloe_Escaparate-01-1-576x1024.jpg\" data-width=\"1440\" src=\"https:\/\/i1.wp.com\/merchanlab.com.mx\/wp-content\/uploads\/2022\/12\/Merchanlab_Cloe_Escaparate-01-1-576x1024.jpg?ssl=1\" data-amp-layout=\"responsive\"\/><\/figure><\/div><div class=\"tiled-gallery__col\" style=\"flex-basis:34.83293%\"><figure class=\"tiled-gallery__item\"><img decoding=\"async\" srcset=\"https:\/\/i0.wp.com\/merchanlab.com.mx\/wp-content\/uploads\/2022\/12\/Merchanlab_Cloe_Escaparate-02-1-561x1024.jpg?strip=info&#038;w=600&#038;ssl=1 600w,https:\/\/i0.wp.com\/merchanlab.com.mx\/wp-content\/uploads\/2022\/12\/Merchanlab_Cloe_Escaparate-02-1-561x1024.jpg?strip=info&#038;w=900&#038;ssl=1 900w,https:\/\/i0.wp.com\/merchanlab.com.mx\/wp-content\/uploads\/2022\/12\/Merchanlab_Cloe_Escaparate-02-1-561x1024.jpg?strip=info&#038;w=1200&#038;ssl=1 1200w,https:\/\/i0.wp.com\/merchanlab.com.mx\/wp-content\/uploads\/2022\/12\/Merchanlab_Cloe_Escaparate-02-1-561x1024.jpg?strip=info&#038;w=1401&#038;ssl=1 1401w\" alt=\"\" data-height=\"2560\" data-id=\"5491\" data-link=\"https:\/\/merchanlab.com.mx\/cloe\/merchanlab_cloe_escaparate-02-1\" data-url=\"https:\/\/merchanlab.com.mx\/wp-content\/uploads\/2022\/12\/Merchanlab_Cloe_Escaparate-02-1-561x1024.jpg\" data-width=\"1401\" src=\"https:\/\/i0.wp.com\/merchanlab.com.mx\/wp-content\/uploads\/2022\/12\/Merchanlab_Cloe_Escaparate-02-1-561x1024.jpg?ssl=1\" data-amp-layout=\"responsive\"\/><\/figure><\/div><div class=\"tiled-gallery__col\" style=\"flex-basis:29.36585%\"><figure class=\"tiled-gallery__item\"><img decoding=\"async\" srcset=\"https:\/\/i2.wp.com\/merchanlab.com.mx\/wp-content\/uploads\/2022\/12\/Merchanlab_Cloe_Escaparate-05-1-472x1024.jpeg?strip=info&#038;w=600&#038;ssl=1 600w,https:\/\/i2.wp.com\/merchanlab.com.mx\/wp-content\/uploads\/2022\/12\/Merchanlab_Cloe_Escaparate-05-1-472x1024.jpeg?strip=info&#038;w=738&#038;ssl=1 738w\" alt=\"\" data-height=\"1600\" data-id=\"5494\" data-link=\"https:\/\/merchanlab.com.mx\/cloe\/merchanlab_cloe_escaparate-05-1\" data-url=\"https:\/\/merchanlab.com.mx\/wp-content\/uploads\/2022\/12\/Merchanlab_Cloe_Escaparate-05-1-472x1024.jpeg\" data-width=\"738\" src=\"https:\/\/i2.wp.com\/merchanlab.com.mx\/wp-content\/uploads\/2022\/12\/Merchanlab_Cloe_Escaparate-05-1-472x1024.jpeg?ssl=1\" data-amp-layout=\"responsive\"\/><\/figure><\/div><\/div><div class=\"tiled-gallery__row\"><div class=\"tiled-gallery__col\" style=\"flex-basis:63.61166%\"><figure class=\"tiled-gallery__item\"><img decoding=\"async\" srcset=\"https:\/\/i0.wp.com\/merchanlab.com.mx\/wp-content\/uploads\/2022\/12\/Merchanlab_Cloe_Escaparate-04-1.jpeg?strip=info&#038;w=600&#038;ssl=1 600w,https:\/\/i0.wp.com\/merchanlab.com.mx\/wp-content\/uploads\/2022\/12\/Merchanlab_Cloe_Escaparate-04-1.jpeg?strip=info&#038;w=648&#038;ssl=1 648w\" alt=\"\" data-height=\"605\" data-id=\"5493\" data-link=\"https:\/\/merchanlab.com.mx\/cloe\/merchanlab_cloe_escaparate-04-1\" data-url=\"https:\/\/merchanlab.com.mx\/wp-content\/uploads\/2022\/12\/Merchanlab_Cloe_Escaparate-04-1.jpeg\" data-width=\"648\" src=\"https:\/\/i0.wp.com\/merchanlab.com.mx\/wp-content\/uploads\/2022\/12\/Merchanlab_Cloe_Escaparate-04-1.jpeg?ssl=1\" data-amp-layout=\"responsive\"\/><\/figure><\/div><div class=\"tiled-gallery__col\" style=\"flex-basis:36.38834%\"><figure class=\"tiled-gallery__item\"><img decoding=\"async\" srcset=\"https:\/\/i2.wp.com\/merchanlab.com.mx\/wp-content\/uploads\/2022\/12\/Merchanlab_Cloe_Escaparate-07-1.jpeg?strip=info&#038;w=535&#038;ssl=1 535w\" alt=\"\" data-height=\"874\" data-id=\"5496\" data-link=\"https:\/\/merchanlab.com.mx\/cloe\/merchanlab_cloe_escaparate-07-1\" data-url=\"https:\/\/merchanlab.com.mx\/wp-content\/uploads\/2022\/12\/Merchanlab_Cloe_Escaparate-07-1.jpeg\" data-width=\"535\" src=\"https:\/\/i2.wp.com\/merchanlab.com.mx\/wp-content\/uploads\/2022\/12\/Merchanlab_Cloe_Escaparate-07-1.jpeg?ssl=1\" data-amp-layout=\"responsive\"\/><\/figure><\/div><\/div><\/div><\/div>\n\n\n\n<p><\/p>\n\n\n\n<p>Design of a small, dynamic, and attractive shop window for their UOMO men's product line<\/p>\n\n\n\n<div class=\"wp-block-jetpack-tiled-gallery aligncenter is-style-rectangular\"><div class=\"tiled-gallery__gallery\"><div class=\"tiled-gallery__row\"><div class=\"tiled-gallery__col\" style=\"flex-basis:72.09502%\"><figure class=\"tiled-gallery__item\"><img decoding=\"async\" srcset=\"https:\/\/i1.wp.com\/merchanlab.com.mx\/wp-content\/uploads\/2022\/05\/MerchanLab_Cloe_02a-1-1024x660.jpg?strip=info&#038;w=600&#038;ssl=1 600w,https:\/\/i1.wp.com\/merchanlab.com.mx\/wp-content\/uploads\/2022\/05\/MerchanLab_Cloe_02a-1-1024x660.jpg?strip=info&#038;w=900&#038;ssl=1 900w,https:\/\/i1.wp.com\/merchanlab.com.mx\/wp-content\/uploads\/2022\/05\/MerchanLab_Cloe_02a-1-1024x660.jpg?strip=info&#038;w=1200&#038;ssl=1 1200w,https:\/\/i1.wp.com\/merchanlab.com.mx\/wp-content\/uploads\/2022\/05\/MerchanLab_Cloe_02a-1-1024x660.jpg?strip=info&#038;w=1500&#038;ssl=1 1500w,https:\/\/i1.wp.com\/merchanlab.com.mx\/wp-content\/uploads\/2022\/05\/MerchanLab_Cloe_02a-1-1024x660.jpg?strip=info&#038;w=1800&#038;ssl=1 1800w,https:\/\/i1.wp.com\/merchanlab.com.mx\/wp-content\/uploads\/2022\/05\/MerchanLab_Cloe_02a-1-1024x660.jpg?strip=info&#038;w=2000&#038;ssl=1 2000w\" alt=\"\" data-height=\"1650\" data-id=\"4309\" data-link=\"https:\/\/merchanlab.com.mx\/cloe\/merchanlab_cloe_02a-1\" data-url=\"https:\/\/merchanlab.com.mx\/wp-content\/uploads\/2022\/05\/MerchanLab_Cloe_02a-1-1024x660.jpg\" data-width=\"2560\" src=\"https:\/\/i1.wp.com\/merchanlab.com.mx\/wp-content\/uploads\/2022\/05\/MerchanLab_Cloe_02a-1-1024x660.jpg?ssl=1\" data-amp-layout=\"responsive\"\/><\/figure><\/div><div class=\"tiled-gallery__col\" style=\"flex-basis:27.90498%\"><figure class=\"tiled-gallery__item\"><img decoding=\"async\" srcset=\"https:\/\/i1.wp.com\/merchanlab.com.mx\/wp-content\/uploads\/2022\/05\/MerchanLab_Cloe_04a-1.gif?strip=info&#038;w=589&#038;ssl=1 589w\" alt=\"\" data-height=\"600\" data-id=\"4311\" data-link=\"https:\/\/merchanlab.com.mx\/cloe\/merchanlab_cloe_04a-1\" data-url=\"https:\/\/merchanlab.com.mx\/wp-content\/uploads\/2022\/05\/MerchanLab_Cloe_04a-1.gif\" data-width=\"589\" src=\"https:\/\/i1.wp.com\/merchanlab.com.mx\/wp-content\/uploads\/2022\/05\/MerchanLab_Cloe_04a-1.gif?ssl=1\" data-amp-layout=\"responsive\"\/><\/figure><figure class=\"tiled-gallery__item\"><img decoding=\"async\" srcset=\"https:\/\/i1.wp.com\/merchanlab.com.mx\/wp-content\/uploads\/2022\/05\/MerchanLab_Cloe_01a-1-1024x657.jpg?strip=info&#038;w=600&#038;ssl=1 600w,https:\/\/i1.wp.com\/merchanlab.com.mx\/wp-content\/uploads\/2022\/05\/MerchanLab_Cloe_01a-1-1024x657.jpg?strip=info&#038;w=900&#038;ssl=1 900w,https:\/\/i1.wp.com\/merchanlab.com.mx\/wp-content\/uploads\/2022\/05\/MerchanLab_Cloe_01a-1-1024x657.jpg?strip=info&#038;w=1200&#038;ssl=1 1200w,https:\/\/i1.wp.com\/merchanlab.com.mx\/wp-content\/uploads\/2022\/05\/MerchanLab_Cloe_01a-1-1024x657.jpg?strip=info&#038;w=1500&#038;ssl=1 1500w,https:\/\/i1.wp.com\/merchanlab.com.mx\/wp-content\/uploads\/2022\/05\/MerchanLab_Cloe_01a-1-1024x657.jpg?strip=info&#038;w=1800&#038;ssl=1 1800w,https:\/\/i1.wp.com\/merchanlab.com.mx\/wp-content\/uploads\/2022\/05\/MerchanLab_Cloe_01a-1-1024x657.jpg?strip=info&#038;w=2000&#038;ssl=1 2000w\" alt=\"\" data-height=\"1492\" data-id=\"4308\" data-link=\"https:\/\/merchanlab.com.mx\/cloe\/merchanlab_cloe_01a-1\" data-url=\"https:\/\/merchanlab.com.mx\/wp-content\/uploads\/2022\/05\/MerchanLab_Cloe_01a-1-1024x657.jpg\" data-width=\"2324\" src=\"https:\/\/i1.wp.com\/merchanlab.com.mx\/wp-content\/uploads\/2022\/05\/MerchanLab_Cloe_01a-1-1024x657.jpg?ssl=1\" data-amp-layout=\"responsive\"\/><\/figure><\/div><\/div><div class=\"tiled-gallery__row\"><div class=\"tiled-gallery__col\" style=\"flex-basis:100.00000%\"><figure class=\"tiled-gallery__item\"><img decoding=\"async\" srcset=\"https:\/\/i0.wp.com\/merchanlab.com.mx\/wp-content\/uploads\/2022\/05\/MerchanLab_Cloe_03a-1.gif?strip=info&#038;w=600&#038;ssl=1 600w,https:\/\/i0.wp.com\/merchanlab.com.mx\/wp-content\/uploads\/2022\/05\/MerchanLab_Cloe_03a-1.gif?strip=info&#038;w=900&#038;ssl=1 900w,https:\/\/i0.wp.com\/merchanlab.com.mx\/wp-content\/uploads\/2022\/05\/MerchanLab_Cloe_03a-1.gif?strip=info&#038;w=1000&#038;ssl=1 1000w\" alt=\"\" data-height=\"543\" data-id=\"4315\" data-link=\"https:\/\/merchanlab.com.mx\/cloe\/merchanlab_cloe_03a-1\" data-url=\"https:\/\/merchanlab.com.mx\/wp-content\/uploads\/2022\/05\/MerchanLab_Cloe_03a-1.gif\" data-width=\"1000\" src=\"https:\/\/i0.wp.com\/merchanlab.com.mx\/wp-content\/uploads\/2022\/05\/MerchanLab_Cloe_03a-1.gif?ssl=1\" data-amp-layout=\"responsive\"\/><\/figure><\/div><\/div><\/div><\/div>","protected":false},"excerpt":{"rendered":"<p>Dise\u00f1o de un escaparate en un formato peque\u00f1o para la tienda del Aeropuerto de Guadalajara. Dise\u00f1o de un escaparate en un formato peque\u00f1o, din\u00e1mico y atractivo para su l\u00ednea de productos para caballero UOMO.<\/p>","protected":false},"author":1,"featured_media":0,"parent":0,"menu_order":0,"comment_status":"closed","ping_status":"closed","template":"","meta":{"footnotes":""},"class_list":["post-4041","page","type-page","status-publish","hentry"],"jetpack_sharing_enabled":true,"_links":{"self":[{"href":"https:\/\/merchanlab.com.mx\/en\/wp-json\/wp\/v2\/pages\/4041","targetHints":{"allow":["GET"]}}],"collection":[{"href":"https:\/\/merchanlab.com.mx\/en\/wp-json\/wp\/v2\/pages"}],"about":[{"href":"https:\/\/merchanlab.com.mx\/en\/wp-json\/wp\/v2\/types\/page"}],"author":[{"embeddable":true,"href":"https:\/\/merchanlab.com.mx\/en\/wp-json\/wp\/v2\/users\/1"}],"replies":[{"embeddable":true,"href":"https:\/\/merchanlab.com.mx\/en\/wp-json\/wp\/v2\/comments?post=4041"}],"version-history":[{"count":8,"href":"https:\/\/merchanlab.com.mx\/en\/wp-json\/wp\/v2\/pages\/4041\/revisions"}],"predecessor-version":[{"id":5497,"href":"https:\/\/merchanlab.com.mx\/en\/wp-json\/wp\/v2\/pages\/4041\/revisions\/5497"}],"wp:attachment":[{"href":"https:\/\/merchanlab.com.mx\/en\/wp-json\/wp\/v2\/media?parent=4041"}],"curies":[{"name":"wp","href":"https:\/\/api.w.org\/{rel}","templated":true}]}}