{"id":4061,"date":"2022-05-18T18:44:47","date_gmt":"2022-05-18T18:44:47","guid":{"rendered":"https:\/\/merchanlab.com.mx\/?page_id=4061"},"modified":"2022-07-13T17:42:03","modified_gmt":"2022-07-13T17:42:03","slug":"ca-escaparates-celebridades","status":"publish","type":"page","link":"https:\/\/merchanlab.com.mx\/en\/ca-escaparates-celebridades","title":{"rendered":"C&amp;A \/\/ CELEBRITIES"},"content":{"rendered":"<p>Window and display design for collections in collaboration with international celebrities.<\/p>\n\n\n\n<p><\/p>\n\n\n\n<p>Stella McCartney Collection<\/p>\n\n\n\n<div class=\"wp-block-jetpack-tiled-gallery aligncenter is-style-rectangular\"><div class=\"tiled-gallery__gallery\"><div class=\"tiled-gallery__row\"><div class=\"tiled-gallery__col\" style=\"flex-basis:71.97754%\"><figure class=\"tiled-gallery__item\"><img decoding=\"async\" srcset=\"https:\/\/i1.wp.com\/merchanlab.com.mx\/wp-content\/uploads\/2022\/05\/Merchanlab_CA-Stella-McCartney-06-1-1024x651.jpg?strip=info&#038;w=600&#038;ssl=1 600w,https:\/\/i1.wp.com\/merchanlab.com.mx\/wp-content\/uploads\/2022\/05\/Merchanlab_CA-Stella-McCartney-06-1-1024x651.jpg?strip=info&#038;w=900&#038;ssl=1 900w,https:\/\/i1.wp.com\/merchanlab.com.mx\/wp-content\/uploads\/2022\/05\/Merchanlab_CA-Stella-McCartney-06-1-1024x651.jpg?strip=info&#038;w=1200&#038;ssl=1 1200w,https:\/\/i1.wp.com\/merchanlab.com.mx\/wp-content\/uploads\/2022\/05\/Merchanlab_CA-Stella-McCartney-06-1-1024x651.jpg?strip=info&#038;w=1500&#038;ssl=1 1500w,https:\/\/i1.wp.com\/merchanlab.com.mx\/wp-content\/uploads\/2022\/05\/Merchanlab_CA-Stella-McCartney-06-1-1024x651.jpg?strip=info&#038;w=1800&#038;ssl=1 1800w,https:\/\/i1.wp.com\/merchanlab.com.mx\/wp-content\/uploads\/2022\/05\/Merchanlab_CA-Stella-McCartney-06-1-1024x651.jpg?strip=info&#038;w=2000&#038;ssl=1 2000w\" alt=\"\" data-height=\"1546\" data-id=\"4286\" data-link=\"https:\/\/merchanlab.com.mx\/ca-escaparates-celebridades\/merchanlab_ca-stella-mccartney-06-1\" data-url=\"https:\/\/merchanlab.com.mx\/wp-content\/uploads\/2022\/05\/Merchanlab_CA-Stella-McCartney-06-1-1024x651.jpg\" data-width=\"2433\" src=\"https:\/\/i1.wp.com\/merchanlab.com.mx\/wp-content\/uploads\/2022\/05\/Merchanlab_CA-Stella-McCartney-06-1-1024x651.jpg?ssl=1\" data-amp-layout=\"responsive\"\/><\/figure><\/div><div class=\"tiled-gallery__col\" style=\"flex-basis:28.02246%\"><figure class=\"tiled-gallery__item\"><img decoding=\"async\" srcset=\"https:\/\/i1.wp.com\/merchanlab.com.mx\/wp-content\/uploads\/2022\/05\/Merchanlab_CA-Stella-McCartney-04-1-1024x694.jpg?strip=info&#038;w=600&#038;ssl=1 600w,https:\/\/i1.wp.com\/merchanlab.com.mx\/wp-content\/uploads\/2022\/05\/Merchanlab_CA-Stella-McCartney-04-1-1024x694.jpg?strip=info&#038;w=900&#038;ssl=1 900w,https:\/\/i1.wp.com\/merchanlab.com.mx\/wp-content\/uploads\/2022\/05\/Merchanlab_CA-Stella-McCartney-04-1-1024x694.jpg?strip=info&#038;w=1200&#038;ssl=1 1200w,https:\/\/i1.wp.com\/merchanlab.com.mx\/wp-content\/uploads\/2022\/05\/Merchanlab_CA-Stella-McCartney-04-1-1024x694.jpg?strip=info&#038;w=1398&#038;ssl=1 1398w\" alt=\"\" data-height=\"947\" data-id=\"4285\" data-link=\"https:\/\/merchanlab.com.mx\/ca-escaparates-celebridades\/merchanlab_ca-stella-mccartney-04-1\" data-url=\"https:\/\/merchanlab.com.mx\/wp-content\/uploads\/2022\/05\/Merchanlab_CA-Stella-McCartney-04-1-1024x694.jpg\" data-width=\"1398\" src=\"https:\/\/i1.wp.com\/merchanlab.com.mx\/wp-content\/uploads\/2022\/05\/Merchanlab_CA-Stella-McCartney-04-1-1024x694.jpg?ssl=1\" data-amp-layout=\"responsive\"\/><\/figure><figure class=\"tiled-gallery__item\"><img decoding=\"async\" srcset=\"https:\/\/i0.wp.com\/merchanlab.com.mx\/wp-content\/uploads\/2022\/05\/Merchanlab_CA-Stella-McCartney-02-1-1024x973.jpg?strip=info&#038;w=600&#038;ssl=1 600w,https:\/\/i0.wp.com\/merchanlab.com.mx\/wp-content\/uploads\/2022\/05\/Merchanlab_CA-Stella-McCartney-02-1-1024x973.jpg?strip=info&#038;w=900&#038;ssl=1 900w,https:\/\/i0.wp.com\/merchanlab.com.mx\/wp-content\/uploads\/2022\/05\/Merchanlab_CA-Stella-McCartney-02-1-1024x973.jpg?strip=info&#038;w=1200&#038;ssl=1 1200w,https:\/\/i0.wp.com\/merchanlab.com.mx\/wp-content\/uploads\/2022\/05\/Merchanlab_CA-Stella-McCartney-02-1-1024x973.jpg?strip=info&#038;w=1500&#038;ssl=1 1500w,https:\/\/i0.wp.com\/merchanlab.com.mx\/wp-content\/uploads\/2022\/05\/Merchanlab_CA-Stella-McCartney-02-1-1024x973.jpg?strip=info&#038;w=1800&#038;ssl=1 1800w,https:\/\/i0.wp.com\/merchanlab.com.mx\/wp-content\/uploads\/2022\/05\/Merchanlab_CA-Stella-McCartney-02-1-1024x973.jpg?strip=info&#038;w=1887&#038;ssl=1 1887w\" alt=\"\" data-height=\"1793\" data-id=\"4284\" data-link=\"https:\/\/merchanlab.com.mx\/ca-escaparates-celebridades\/merchanlab_ca-stella-mccartney-02-1\" data-url=\"https:\/\/merchanlab.com.mx\/wp-content\/uploads\/2022\/05\/Merchanlab_CA-Stella-McCartney-02-1-1024x973.jpg\" data-width=\"1887\" src=\"https:\/\/i0.wp.com\/merchanlab.com.mx\/wp-content\/uploads\/2022\/05\/Merchanlab_CA-Stella-McCartney-02-1-1024x973.jpg?ssl=1\" data-amp-layout=\"responsive\"\/><\/figure><\/div><\/div><div class=\"tiled-gallery__row\"><div class=\"tiled-gallery__col\" style=\"flex-basis:57.89062%\"><figure class=\"tiled-gallery__item\"><img decoding=\"async\" srcset=\"https:\/\/i0.wp.com\/merchanlab.com.mx\/wp-content\/uploads\/2022\/05\/Merchanlab_CA-Stella-McCartney-11-2-1024x576.jpg?strip=info&#038;w=600&#038;ssl=1 600w,https:\/\/i0.wp.com\/merchanlab.com.mx\/wp-content\/uploads\/2022\/05\/Merchanlab_CA-Stella-McCartney-11-2-1024x576.jpg?strip=info&#038;w=900&#038;ssl=1 900w,https:\/\/i0.wp.com\/merchanlab.com.mx\/wp-content\/uploads\/2022\/05\/Merchanlab_CA-Stella-McCartney-11-2-1024x576.jpg?strip=info&#038;w=1064&#038;ssl=1 1064w\" alt=\"\" data-height=\"599\" data-id=\"4290\" data-link=\"https:\/\/merchanlab.com.mx\/ca-escaparates-celebridades\/merchanlab_ca-stella-mccartney-11-2\" data-url=\"https:\/\/merchanlab.com.mx\/wp-content\/uploads\/2022\/05\/Merchanlab_CA-Stella-McCartney-11-2-1024x576.jpg\" data-width=\"1064\" src=\"https:\/\/i0.wp.com\/merchanlab.com.mx\/wp-content\/uploads\/2022\/05\/Merchanlab_CA-Stella-McCartney-11-2-1024x576.jpg?ssl=1\" data-amp-layout=\"responsive\"\/><\/figure><\/div><div class=\"tiled-gallery__col\" style=\"flex-basis:42.10938%\"><figure class=\"tiled-gallery__item\"><img decoding=\"async\" srcset=\"https:\/\/i0.wp.com\/merchanlab.com.mx\/wp-content\/uploads\/2022\/05\/Merchanlab_CA-Stella-McCartney-08-1-1024x793.jpg?strip=info&#038;w=600&#038;ssl=1 600w,https:\/\/i0.wp.com\/merchanlab.com.mx\/wp-content\/uploads\/2022\/05\/Merchanlab_CA-Stella-McCartney-08-1-1024x793.jpg?strip=info&#038;w=900&#038;ssl=1 900w,https:\/\/i0.wp.com\/merchanlab.com.mx\/wp-content\/uploads\/2022\/05\/Merchanlab_CA-Stella-McCartney-08-1-1024x793.jpg?strip=info&#038;w=1034&#038;ssl=1 1034w\" alt=\"\" data-height=\"801\" data-id=\"4287\" data-link=\"https:\/\/merchanlab.com.mx\/ca-escaparates-celebridades\/merchanlab_ca-stella-mccartney-08-1\" data-url=\"https:\/\/merchanlab.com.mx\/wp-content\/uploads\/2022\/05\/Merchanlab_CA-Stella-McCartney-08-1-1024x793.jpg\" data-width=\"1034\" src=\"https:\/\/i0.wp.com\/merchanlab.com.mx\/wp-content\/uploads\/2022\/05\/Merchanlab_CA-Stella-McCartney-08-1-1024x793.jpg?ssl=1\" data-amp-layout=\"responsive\"\/><\/figure><\/div><\/div><div class=\"tiled-gallery__row\"><div class=\"tiled-gallery__col\" style=\"flex-basis:100.00000%\"><figure class=\"tiled-gallery__item\"><img decoding=\"async\" srcset=\"https:\/\/i0.wp.com\/merchanlab.com.mx\/wp-content\/uploads\/2022\/05\/Merchanlab_CA-Stella-McCartney-09-3-1024x427.jpg?strip=info&#038;w=600&#038;ssl=1 600w,https:\/\/i0.wp.com\/merchanlab.com.mx\/wp-content\/uploads\/2022\/05\/Merchanlab_CA-Stella-McCartney-09-3-1024x427.jpg?strip=info&#038;w=900&#038;ssl=1 900w,https:\/\/i0.wp.com\/merchanlab.com.mx\/wp-content\/uploads\/2022\/05\/Merchanlab_CA-Stella-McCartney-09-3-1024x427.jpg?strip=info&#038;w=1200&#038;ssl=1 1200w,https:\/\/i0.wp.com\/merchanlab.com.mx\/wp-content\/uploads\/2022\/05\/Merchanlab_CA-Stella-McCartney-09-3-1024x427.jpg?strip=info&#038;w=1500&#038;ssl=1 1500w,https:\/\/i0.wp.com\/merchanlab.com.mx\/wp-content\/uploads\/2022\/05\/Merchanlab_CA-Stella-McCartney-09-3-1024x427.jpg?strip=info&#038;w=1800&#038;ssl=1 1800w,https:\/\/i0.wp.com\/merchanlab.com.mx\/wp-content\/uploads\/2022\/05\/Merchanlab_CA-Stella-McCartney-09-3-1024x427.jpg?strip=info&#038;w=1920&#038;ssl=1 1920w\" alt=\"\" data-height=\"801\" data-id=\"4288\" data-link=\"https:\/\/merchanlab.com.mx\/ca-escaparates-celebridades\/merchanlab_ca-stella-mccartney-09-3\" data-url=\"https:\/\/merchanlab.com.mx\/wp-content\/uploads\/2022\/05\/Merchanlab_CA-Stella-McCartney-09-3-1024x427.jpg\" data-width=\"1920\" src=\"https:\/\/i0.wp.com\/merchanlab.com.mx\/wp-content\/uploads\/2022\/05\/Merchanlab_CA-Stella-McCartney-09-3-1024x427.jpg?ssl=1\" data-amp-layout=\"responsive\"\/><\/figure><\/div><\/div><div class=\"tiled-gallery__row\"><div class=\"tiled-gallery__col\" style=\"flex-basis:100.00000%\"><figure class=\"tiled-gallery__item\"><img decoding=\"async\" srcset=\"https:\/\/i1.wp.com\/merchanlab.com.mx\/wp-content\/uploads\/2022\/05\/Merchanlab_CA-Stella-McCartney-10-1-1024x427.gif?strip=info&#038;w=600&#038;ssl=1 600w,https:\/\/i1.wp.com\/merchanlab.com.mx\/wp-content\/uploads\/2022\/05\/Merchanlab_CA-Stella-McCartney-10-1-1024x427.gif?strip=info&#038;w=900&#038;ssl=1 900w,https:\/\/i1.wp.com\/merchanlab.com.mx\/wp-content\/uploads\/2022\/05\/Merchanlab_CA-Stella-McCartney-10-1-1024x427.gif?strip=info&#038;w=1200&#038;ssl=1 1200w,https:\/\/i1.wp.com\/merchanlab.com.mx\/wp-content\/uploads\/2022\/05\/Merchanlab_CA-Stella-McCartney-10-1-1024x427.gif?strip=info&#038;w=1500&#038;ssl=1 1500w,https:\/\/i1.wp.com\/merchanlab.com.mx\/wp-content\/uploads\/2022\/05\/Merchanlab_CA-Stella-McCartney-10-1-1024x427.gif?strip=info&#038;w=1800&#038;ssl=1 1800w,https:\/\/i1.wp.com\/merchanlab.com.mx\/wp-content\/uploads\/2022\/05\/Merchanlab_CA-Stella-McCartney-10-1-1024x427.gif?strip=info&#038;w=1920&#038;ssl=1 1920w\" alt=\"\" data-height=\"801\" data-id=\"4289\" data-link=\"https:\/\/merchanlab.com.mx\/ca-escaparates-celebridades\/merchanlab_ca-stella-mccartney-10-1\" data-url=\"https:\/\/merchanlab.com.mx\/wp-content\/uploads\/2022\/05\/Merchanlab_CA-Stella-McCartney-10-1-1024x427.gif\" data-width=\"1920\" src=\"https:\/\/i1.wp.com\/merchanlab.com.mx\/wp-content\/uploads\/2022\/05\/Merchanlab_CA-Stella-McCartney-10-1-1024x427.gif?ssl=1\" data-amp-layout=\"responsive\"\/><\/figure><\/div><\/div><\/div><\/div>\n\n\n\n<p><\/p>\n\n\n\n<p>Cristina Aguilera Collection<\/p>\n\n\n\n<div class=\"wp-block-jetpack-tiled-gallery aligncenter is-style-rectangular\"><div class=\"tiled-gallery__gallery\"><div class=\"tiled-gallery__row\"><div class=\"tiled-gallery__col\" style=\"flex-basis:58.32068%\"><figure class=\"tiled-gallery__item\"><img decoding=\"async\" srcset=\"https:\/\/i2.wp.com\/merchanlab.com.mx\/wp-content\/uploads\/2022\/05\/Merchanlab_CA-Cristina-Aguilera-02-1.jpg?strip=info&#038;w=600&#038;ssl=1 600w,https:\/\/i2.wp.com\/merchanlab.com.mx\/wp-content\/uploads\/2022\/05\/Merchanlab_CA-Cristina-Aguilera-02-1.jpg?strip=info&#038;w=640&#038;ssl=1 640w\" alt=\"\" data-height=\"456\" data-id=\"4293\" data-link=\"https:\/\/merchanlab.com.mx\/ca-escaparates-celebridades\/merchanlab_ca-cristina-aguilera-02-1\" data-url=\"https:\/\/merchanlab.com.mx\/wp-content\/uploads\/2022\/05\/Merchanlab_CA-Cristina-Aguilera-02-1.jpg\" data-width=\"640\" src=\"https:\/\/i2.wp.com\/merchanlab.com.mx\/wp-content\/uploads\/2022\/05\/Merchanlab_CA-Cristina-Aguilera-02-1.jpg?ssl=1\" data-amp-layout=\"responsive\"\/><\/figure><\/div><div class=\"tiled-gallery__col\" style=\"flex-basis:41.67932%\"><figure class=\"tiled-gallery__item\"><img decoding=\"async\" srcset=\"https:\/\/i2.wp.com\/merchanlab.com.mx\/wp-content\/uploads\/2022\/05\/Merchanlab_CA-Cristina-Aguilera-06-1.jpg?strip=info&#038;w=600&#038;ssl=1 600w,https:\/\/i2.wp.com\/merchanlab.com.mx\/wp-content\/uploads\/2022\/05\/Merchanlab_CA-Cristina-Aguilera-06-1.jpg?strip=info&#038;w=884&#038;ssl=1 884w\" alt=\"\" data-height=\"882\" data-id=\"4297\" data-link=\"https:\/\/merchanlab.com.mx\/ca-escaparates-celebridades\/merchanlab_ca-cristina-aguilera-06-1\" data-url=\"https:\/\/merchanlab.com.mx\/wp-content\/uploads\/2022\/05\/Merchanlab_CA-Cristina-Aguilera-06-1.jpg\" data-width=\"884\" src=\"https:\/\/i2.wp.com\/merchanlab.com.mx\/wp-content\/uploads\/2022\/05\/Merchanlab_CA-Cristina-Aguilera-06-1.jpg?ssl=1\" data-amp-layout=\"responsive\"\/><\/figure><\/div><\/div><div class=\"tiled-gallery__row\"><div class=\"tiled-gallery__col\" style=\"flex-basis:100.00000%\"><figure class=\"tiled-gallery__item\"><img decoding=\"async\" srcset=\"https:\/\/i1.wp.com\/merchanlab.com.mx\/wp-content\/uploads\/2022\/05\/Merchanlab_CA-Cristina-Aguilera-04-2-1024x427.jpg?strip=info&#038;w=600&#038;ssl=1 600w,https:\/\/i1.wp.com\/merchanlab.com.mx\/wp-content\/uploads\/2022\/05\/Merchanlab_CA-Cristina-Aguilera-04-2-1024x427.jpg?strip=info&#038;w=900&#038;ssl=1 900w,https:\/\/i1.wp.com\/merchanlab.com.mx\/wp-content\/uploads\/2022\/05\/Merchanlab_CA-Cristina-Aguilera-04-2-1024x427.jpg?strip=info&#038;w=1200&#038;ssl=1 1200w,https:\/\/i1.wp.com\/merchanlab.com.mx\/wp-content\/uploads\/2022\/05\/Merchanlab_CA-Cristina-Aguilera-04-2-1024x427.jpg?strip=info&#038;w=1500&#038;ssl=1 1500w,https:\/\/i1.wp.com\/merchanlab.com.mx\/wp-content\/uploads\/2022\/05\/Merchanlab_CA-Cristina-Aguilera-04-2-1024x427.jpg?strip=info&#038;w=1800&#038;ssl=1 1800w,https:\/\/i1.wp.com\/merchanlab.com.mx\/wp-content\/uploads\/2022\/05\/Merchanlab_CA-Cristina-Aguilera-04-2-1024x427.jpg?strip=info&#038;w=1920&#038;ssl=1 1920w\" alt=\"\" data-height=\"801\" data-id=\"4295\" data-link=\"https:\/\/merchanlab.com.mx\/ca-escaparates-celebridades\/merchanlab_ca-cristina-aguilera-04-2\" data-url=\"https:\/\/merchanlab.com.mx\/wp-content\/uploads\/2022\/05\/Merchanlab_CA-Cristina-Aguilera-04-2-1024x427.jpg\" data-width=\"1920\" src=\"https:\/\/i1.wp.com\/merchanlab.com.mx\/wp-content\/uploads\/2022\/05\/Merchanlab_CA-Cristina-Aguilera-04-2-1024x427.jpg?ssl=1\" data-amp-layout=\"responsive\"\/><\/figure><\/div><\/div><div class=\"tiled-gallery__row\"><div class=\"tiled-gallery__col\" style=\"flex-basis:27.06823%\"><figure class=\"tiled-gallery__item\"><img decoding=\"async\" srcset=\"https:\/\/i0.wp.com\/merchanlab.com.mx\/wp-content\/uploads\/2022\/05\/Merchanlab_CA-Cristina-Aguilera-01-2.jpg?strip=info&#038;w=487&#038;ssl=1 487w\" alt=\"\" data-height=\"345\" data-id=\"4292\" data-link=\"https:\/\/merchanlab.com.mx\/ca-escaparates-celebridades\/merchanlab_ca-cristina-aguilera-01-2\" data-url=\"https:\/\/merchanlab.com.mx\/wp-content\/uploads\/2022\/05\/Merchanlab_CA-Cristina-Aguilera-01-2.jpg\" data-width=\"487\" src=\"https:\/\/i0.wp.com\/merchanlab.com.mx\/wp-content\/uploads\/2022\/05\/Merchanlab_CA-Cristina-Aguilera-01-2.jpg?ssl=1\" data-amp-layout=\"responsive\"\/><\/figure><\/div><div class=\"tiled-gallery__col\" style=\"flex-basis:45.85203%\"><figure class=\"tiled-gallery__item\"><img decoding=\"async\" srcset=\"https:\/\/i1.wp.com\/merchanlab.com.mx\/wp-content\/uploads\/2022\/05\/Merchanlab_CA-Cristina-Aguilera-03-1-1024x427.jpg?strip=info&#038;w=600&#038;ssl=1 600w,https:\/\/i1.wp.com\/merchanlab.com.mx\/wp-content\/uploads\/2022\/05\/Merchanlab_CA-Cristina-Aguilera-03-1-1024x427.jpg?strip=info&#038;w=900&#038;ssl=1 900w,https:\/\/i1.wp.com\/merchanlab.com.mx\/wp-content\/uploads\/2022\/05\/Merchanlab_CA-Cristina-Aguilera-03-1-1024x427.jpg?strip=info&#038;w=1200&#038;ssl=1 1200w,https:\/\/i1.wp.com\/merchanlab.com.mx\/wp-content\/uploads\/2022\/05\/Merchanlab_CA-Cristina-Aguilera-03-1-1024x427.jpg?strip=info&#038;w=1500&#038;ssl=1 1500w,https:\/\/i1.wp.com\/merchanlab.com.mx\/wp-content\/uploads\/2022\/05\/Merchanlab_CA-Cristina-Aguilera-03-1-1024x427.jpg?strip=info&#038;w=1800&#038;ssl=1 1800w,https:\/\/i1.wp.com\/merchanlab.com.mx\/wp-content\/uploads\/2022\/05\/Merchanlab_CA-Cristina-Aguilera-03-1-1024x427.jpg?strip=info&#038;w=1920&#038;ssl=1 1920w\" alt=\"\" data-height=\"801\" data-id=\"4294\" data-link=\"https:\/\/merchanlab.com.mx\/ca-escaparates-celebridades\/merchanlab_ca-cristina-aguilera-03-1\" data-url=\"https:\/\/merchanlab.com.mx\/wp-content\/uploads\/2022\/05\/Merchanlab_CA-Cristina-Aguilera-03-1-1024x427.jpg\" data-width=\"1920\" src=\"https:\/\/i1.wp.com\/merchanlab.com.mx\/wp-content\/uploads\/2022\/05\/Merchanlab_CA-Cristina-Aguilera-03-1-1024x427.jpg?ssl=1\" data-amp-layout=\"responsive\"\/><\/figure><\/div><div class=\"tiled-gallery__col\" style=\"flex-basis:27.07974%\"><figure class=\"tiled-gallery__item\"><img decoding=\"async\" srcset=\"https:\/\/i1.wp.com\/merchanlab.com.mx\/wp-content\/uploads\/2022\/05\/Merchanlab_CA-Cristina-Aguilera-05-1-1024x725.jpg?strip=info&#038;w=600&#038;ssl=1 600w,https:\/\/i1.wp.com\/merchanlab.com.mx\/wp-content\/uploads\/2022\/05\/Merchanlab_CA-Cristina-Aguilera-05-1-1024x725.jpg?strip=info&#038;w=900&#038;ssl=1 900w,https:\/\/i1.wp.com\/merchanlab.com.mx\/wp-content\/uploads\/2022\/05\/Merchanlab_CA-Cristina-Aguilera-05-1-1024x725.jpg?strip=info&#038;w=1200&#038;ssl=1 1200w,https:\/\/i1.wp.com\/merchanlab.com.mx\/wp-content\/uploads\/2022\/05\/Merchanlab_CA-Cristina-Aguilera-05-1-1024x725.jpg?strip=info&#038;w=1343&#038;ssl=1 1343w\" alt=\"\" data-height=\"951\" data-id=\"4296\" data-link=\"https:\/\/merchanlab.com.mx\/ca-escaparates-celebridades\/merchanlab_ca-cristina-aguilera-05-1\" data-url=\"https:\/\/merchanlab.com.mx\/wp-content\/uploads\/2022\/05\/Merchanlab_CA-Cristina-Aguilera-05-1-1024x725.jpg\" data-width=\"1343\" src=\"https:\/\/i1.wp.com\/merchanlab.com.mx\/wp-content\/uploads\/2022\/05\/Merchanlab_CA-Cristina-Aguilera-05-1-1024x725.jpg?ssl=1\" data-amp-layout=\"responsive\"\/><\/figure><\/div><\/div><\/div><\/div>\n\n\n\n<p><\/p>","protected":false},"excerpt":{"rendered":"<p>Dise\u00f1o de escaparates y display para las colecciones en colaboraci\u00f3n con celebridades internacionales. Colecci\u00f3n Stella McCartney Colecci\u00f3n Cristina Aguilera<\/p>","protected":false},"author":1,"featured_media":0,"parent":0,"menu_order":0,"comment_status":"closed","ping_status":"closed","template":"","meta":{"footnotes":""},"class_list":["post-4061","page","type-page","status-publish","hentry"],"jetpack_sharing_enabled":true,"_links":{"self":[{"href":"https:\/\/merchanlab.com.mx\/en\/wp-json\/wp\/v2\/pages\/4061","targetHints":{"allow":["GET"]}}],"collection":[{"href":"https:\/\/merchanlab.com.mx\/en\/wp-json\/wp\/v2\/pages"}],"about":[{"href":"https:\/\/merchanlab.com.mx\/en\/wp-json\/wp\/v2\/types\/page"}],"author":[{"embeddable":true,"href":"https:\/\/merchanlab.com.mx\/en\/wp-json\/wp\/v2\/users\/1"}],"replies":[{"embeddable":true,"href":"https:\/\/merchanlab.com.mx\/en\/wp-json\/wp\/v2\/comments?post=4061"}],"version-history":[{"count":7,"href":"https:\/\/merchanlab.com.mx\/en\/wp-json\/wp\/v2\/pages\/4061\/revisions"}],"predecessor-version":[{"id":5104,"href":"https:\/\/merchanlab.com.mx\/en\/wp-json\/wp\/v2\/pages\/4061\/revisions\/5104"}],"wp:attachment":[{"href":"https:\/\/merchanlab.com.mx\/en\/wp-json\/wp\/v2\/media?parent=4061"}],"curies":[{"name":"wp","href":"https:\/\/api.w.org\/{rel}","templated":true}]}}