{"id":4368,"date":"2022-06-01T15:39:22","date_gmt":"2022-06-01T15:39:22","guid":{"rendered":"https:\/\/merchanlab.com.mx\/?page_id=4368"},"modified":"2022-06-29T16:41:26","modified_gmt":"2022-06-29T16:41:26","slug":"young-winners","status":"publish","type":"page","link":"https:\/\/merchanlab.com.mx\/en\/young-winners","title":{"rendered":"YOUNG WINNERS"},"content":{"rendered":"<p>Multi-brand sportswear stores for children and juniors.<br>Brand update, marketing strategy implementation, advertising campaign design, and window displays.<br><\/p>\n\n\n\n<div class=\"wp-block-jetpack-tiled-gallery aligncenter is-style-rectangular\"><div class=\"tiled-gallery__gallery\"><div class=\"tiled-gallery__row\"><div class=\"tiled-gallery__col\" style=\"flex-basis:100.00000%\"><figure class=\"tiled-gallery__item\"><img decoding=\"async\" srcset=\"https:\/\/i2.wp.com\/merchanlab.com.mx\/wp-content\/uploads\/2022\/06\/Merchanlab-Young-Winners-visual-merchandising-04-1024x226.jpg?strip=info&#038;w=600&#038;ssl=1 600w,https:\/\/i2.wp.com\/merchanlab.com.mx\/wp-content\/uploads\/2022\/06\/Merchanlab-Young-Winners-visual-merchandising-04-1024x226.jpg?strip=info&#038;w=900&#038;ssl=1 900w,https:\/\/i2.wp.com\/merchanlab.com.mx\/wp-content\/uploads\/2022\/06\/Merchanlab-Young-Winners-visual-merchandising-04-1024x226.jpg?strip=info&#038;w=1200&#038;ssl=1 1200w,https:\/\/i2.wp.com\/merchanlab.com.mx\/wp-content\/uploads\/2022\/06\/Merchanlab-Young-Winners-visual-merchandising-04-1024x226.jpg?strip=info&#038;w=1500&#038;ssl=1 1500w,https:\/\/i2.wp.com\/merchanlab.com.mx\/wp-content\/uploads\/2022\/06\/Merchanlab-Young-Winners-visual-merchandising-04-1024x226.jpg?strip=info&#038;w=1800&#038;ssl=1 1800w,https:\/\/i2.wp.com\/merchanlab.com.mx\/wp-content\/uploads\/2022\/06\/Merchanlab-Young-Winners-visual-merchandising-04-1024x226.jpg?strip=info&#038;w=2000&#038;ssl=1 2000w\" alt=\"\" data-height=\"566\" data-id=\"4372\" data-link=\"https:\/\/merchanlab.com.mx\/?attachment_id=4372\" data-url=\"https:\/\/merchanlab.com.mx\/wp-content\/uploads\/2022\/06\/Merchanlab-Young-Winners-visual-merchandising-04-1024x226.jpg\" data-width=\"2560\" src=\"https:\/\/i2.wp.com\/merchanlab.com.mx\/wp-content\/uploads\/2022\/06\/Merchanlab-Young-Winners-visual-merchandising-04-1024x226.jpg?ssl=1\" data-amp-layout=\"responsive\"\/><\/figure><\/div><\/div><div class=\"tiled-gallery__row\"><div class=\"tiled-gallery__col\" style=\"flex-basis:39.12946%\"><figure class=\"tiled-gallery__item\"><img decoding=\"async\" srcset=\"https:\/\/i1.wp.com\/merchanlab.com.mx\/wp-content\/uploads\/2022\/06\/Merchanlab-Young-Winners-visual-merchandising-03-779x1024.jpg?strip=info&#038;w=600&#038;ssl=1 600w,https:\/\/i1.wp.com\/merchanlab.com.mx\/wp-content\/uploads\/2022\/06\/Merchanlab-Young-Winners-visual-merchandising-03-779x1024.jpg?strip=info&#038;w=900&#038;ssl=1 900w,https:\/\/i1.wp.com\/merchanlab.com.mx\/wp-content\/uploads\/2022\/06\/Merchanlab-Young-Winners-visual-merchandising-03-779x1024.jpg?strip=info&#038;w=1200&#038;ssl=1 1200w,https:\/\/i1.wp.com\/merchanlab.com.mx\/wp-content\/uploads\/2022\/06\/Merchanlab-Young-Winners-visual-merchandising-03-779x1024.jpg?strip=info&#038;w=1500&#038;ssl=1 1500w,https:\/\/i1.wp.com\/merchanlab.com.mx\/wp-content\/uploads\/2022\/06\/Merchanlab-Young-Winners-visual-merchandising-03-779x1024.jpg?strip=info&#038;w=1800&#038;ssl=1 1800w,https:\/\/i1.wp.com\/merchanlab.com.mx\/wp-content\/uploads\/2022\/06\/Merchanlab-Young-Winners-visual-merchandising-03-779x1024.jpg?strip=info&#038;w=1947&#038;ssl=1 1947w\" alt=\"\" data-height=\"2560\" data-id=\"4371\" data-link=\"https:\/\/merchanlab.com.mx\/?attachment_id=4371\" data-url=\"https:\/\/merchanlab.com.mx\/wp-content\/uploads\/2022\/06\/Merchanlab-Young-Winners-visual-merchandising-03-779x1024.jpg\" data-width=\"1947\" src=\"https:\/\/i1.wp.com\/merchanlab.com.mx\/wp-content\/uploads\/2022\/06\/Merchanlab-Young-Winners-visual-merchandising-03-779x1024.jpg?ssl=1\" data-amp-layout=\"responsive\"\/><\/figure><\/div><div class=\"tiled-gallery__col\" style=\"flex-basis:60.87054%\"><figure class=\"tiled-gallery__item\"><img decoding=\"async\" srcset=\"https:\/\/i0.wp.com\/merchanlab.com.mx\/wp-content\/uploads\/2022\/06\/Merchanlab-Young-Winners-visual-merchandising-01-1024x865.jpg?strip=info&#038;w=600&#038;ssl=1 600w,https:\/\/i0.wp.com\/merchanlab.com.mx\/wp-content\/uploads\/2022\/06\/Merchanlab-Young-Winners-visual-merchandising-01-1024x865.jpg?strip=info&#038;w=900&#038;ssl=1 900w,https:\/\/i0.wp.com\/merchanlab.com.mx\/wp-content\/uploads\/2022\/06\/Merchanlab-Young-Winners-visual-merchandising-01-1024x865.jpg?strip=info&#038;w=1200&#038;ssl=1 1200w,https:\/\/i0.wp.com\/merchanlab.com.mx\/wp-content\/uploads\/2022\/06\/Merchanlab-Young-Winners-visual-merchandising-01-1024x865.jpg?strip=info&#038;w=1500&#038;ssl=1 1500w,https:\/\/i0.wp.com\/merchanlab.com.mx\/wp-content\/uploads\/2022\/06\/Merchanlab-Young-Winners-visual-merchandising-01-1024x865.jpg?strip=info&#038;w=1800&#038;ssl=1 1800w,https:\/\/i0.wp.com\/merchanlab.com.mx\/wp-content\/uploads\/2022\/06\/Merchanlab-Young-Winners-visual-merchandising-01-1024x865.jpg?strip=info&#038;w=2000&#038;ssl=1 2000w\" alt=\"\" data-height=\"2162\" data-id=\"4369\" data-link=\"https:\/\/merchanlab.com.mx\/?attachment_id=4369\" data-url=\"https:\/\/merchanlab.com.mx\/wp-content\/uploads\/2022\/06\/Merchanlab-Young-Winners-visual-merchandising-01-1024x865.jpg\" data-width=\"2560\" src=\"https:\/\/i0.wp.com\/merchanlab.com.mx\/wp-content\/uploads\/2022\/06\/Merchanlab-Young-Winners-visual-merchandising-01-1024x865.jpg?ssl=1\" data-amp-layout=\"responsive\"\/><\/figure><\/div><\/div><\/div><\/div>\n\n\n\n<div class=\"wp-block-jetpack-tiled-gallery aligncenter is-style-rectangular\"><div class=\"tiled-gallery__gallery\"><div class=\"tiled-gallery__row\"><div class=\"tiled-gallery__col\" style=\"flex-basis:45.66527%\"><figure class=\"tiled-gallery__item\"><img decoding=\"async\" srcset=\"https:\/\/i0.wp.com\/merchanlab.com.mx\/wp-content\/uploads\/2022\/06\/Merchanlab-Young-Winners-visual-merchandising-09-1024x837.jpg?strip=info&#038;w=600&#038;ssl=1 600w,https:\/\/i0.wp.com\/merchanlab.com.mx\/wp-content\/uploads\/2022\/06\/Merchanlab-Young-Winners-visual-merchandising-09-1024x837.jpg?strip=info&#038;w=900&#038;ssl=1 900w,https:\/\/i0.wp.com\/merchanlab.com.mx\/wp-content\/uploads\/2022\/06\/Merchanlab-Young-Winners-visual-merchandising-09-1024x837.jpg?strip=info&#038;w=1200&#038;ssl=1 1200w,https:\/\/i0.wp.com\/merchanlab.com.mx\/wp-content\/uploads\/2022\/06\/Merchanlab-Young-Winners-visual-merchandising-09-1024x837.jpg?strip=info&#038;w=1500&#038;ssl=1 1500w,https:\/\/i0.wp.com\/merchanlab.com.mx\/wp-content\/uploads\/2022\/06\/Merchanlab-Young-Winners-visual-merchandising-09-1024x837.jpg?strip=info&#038;w=1800&#038;ssl=1 1800w,https:\/\/i0.wp.com\/merchanlab.com.mx\/wp-content\/uploads\/2022\/06\/Merchanlab-Young-Winners-visual-merchandising-09-1024x837.jpg?strip=info&#038;w=2000&#038;ssl=1 2000w\" alt=\"\" data-height=\"1979\" data-id=\"4373\" data-link=\"https:\/\/merchanlab.com.mx\/?attachment_id=4373\" data-url=\"https:\/\/merchanlab.com.mx\/wp-content\/uploads\/2022\/06\/Merchanlab-Young-Winners-visual-merchandising-09-1024x837.jpg\" data-width=\"2421\" src=\"https:\/\/i0.wp.com\/merchanlab.com.mx\/wp-content\/uploads\/2022\/06\/Merchanlab-Young-Winners-visual-merchandising-09-1024x837.jpg?ssl=1\" data-amp-layout=\"responsive\"\/><\/figure><figure class=\"tiled-gallery__item\"><img decoding=\"async\" srcset=\"https:\/\/i1.wp.com\/merchanlab.com.mx\/wp-content\/uploads\/2022\/06\/Merchanlab-Young-Winners-visual-merchandising-10-1024x780.jpg?strip=info&#038;w=600&#038;ssl=1 600w,https:\/\/i1.wp.com\/merchanlab.com.mx\/wp-content\/uploads\/2022\/06\/Merchanlab-Young-Winners-visual-merchandising-10-1024x780.jpg?strip=info&#038;w=900&#038;ssl=1 900w,https:\/\/i1.wp.com\/merchanlab.com.mx\/wp-content\/uploads\/2022\/06\/Merchanlab-Young-Winners-visual-merchandising-10-1024x780.jpg?strip=info&#038;w=1200&#038;ssl=1 1200w,https:\/\/i1.wp.com\/merchanlab.com.mx\/wp-content\/uploads\/2022\/06\/Merchanlab-Young-Winners-visual-merchandising-10-1024x780.jpg?strip=info&#038;w=1500&#038;ssl=1 1500w,https:\/\/i1.wp.com\/merchanlab.com.mx\/wp-content\/uploads\/2022\/06\/Merchanlab-Young-Winners-visual-merchandising-10-1024x780.jpg?strip=info&#038;w=1800&#038;ssl=1 1800w,https:\/\/i1.wp.com\/merchanlab.com.mx\/wp-content\/uploads\/2022\/06\/Merchanlab-Young-Winners-visual-merchandising-10-1024x780.jpg?strip=info&#038;w=2000&#038;ssl=1 2000w\" alt=\"\" data-height=\"1951\" data-id=\"4374\" data-link=\"https:\/\/merchanlab.com.mx\/?attachment_id=4374\" data-url=\"https:\/\/merchanlab.com.mx\/wp-content\/uploads\/2022\/06\/Merchanlab-Young-Winners-visual-merchandising-10-1024x780.jpg\" data-width=\"2560\" src=\"https:\/\/i1.wp.com\/merchanlab.com.mx\/wp-content\/uploads\/2022\/06\/Merchanlab-Young-Winners-visual-merchandising-10-1024x780.jpg?ssl=1\" data-amp-layout=\"responsive\"\/><\/figure><\/div><div class=\"tiled-gallery__col\" style=\"flex-basis:54.33473%\"><figure class=\"tiled-gallery__item\"><img decoding=\"async\" srcset=\"https:\/\/i1.wp.com\/merchanlab.com.mx\/wp-content\/uploads\/2022\/06\/Merchanlab-Young-Winners-visual-merchandising-11-768x1024.jpg?strip=info&#038;w=600&#038;ssl=1 600w,https:\/\/i1.wp.com\/merchanlab.com.mx\/wp-content\/uploads\/2022\/06\/Merchanlab-Young-Winners-visual-merchandising-11-768x1024.jpg?strip=info&#038;w=900&#038;ssl=1 900w,https:\/\/i1.wp.com\/merchanlab.com.mx\/wp-content\/uploads\/2022\/06\/Merchanlab-Young-Winners-visual-merchandising-11-768x1024.jpg?strip=info&#038;w=1200&#038;ssl=1 1200w,https:\/\/i1.wp.com\/merchanlab.com.mx\/wp-content\/uploads\/2022\/06\/Merchanlab-Young-Winners-visual-merchandising-11-768x1024.jpg?strip=info&#038;w=1500&#038;ssl=1 1500w,https:\/\/i1.wp.com\/merchanlab.com.mx\/wp-content\/uploads\/2022\/06\/Merchanlab-Young-Winners-visual-merchandising-11-768x1024.jpg?strip=info&#038;w=1800&#038;ssl=1 1800w,https:\/\/i1.wp.com\/merchanlab.com.mx\/wp-content\/uploads\/2022\/06\/Merchanlab-Young-Winners-visual-merchandising-11-768x1024.jpg?strip=info&#038;w=1920&#038;ssl=1 1920w\" alt=\"\" data-height=\"2560\" data-id=\"4375\" data-link=\"https:\/\/merchanlab.com.mx\/?attachment_id=4375\" data-url=\"https:\/\/merchanlab.com.mx\/wp-content\/uploads\/2022\/06\/Merchanlab-Young-Winners-visual-merchandising-11-768x1024.jpg\" data-width=\"1920\" src=\"https:\/\/i1.wp.com\/merchanlab.com.mx\/wp-content\/uploads\/2022\/06\/Merchanlab-Young-Winners-visual-merchandising-11-768x1024.jpg?ssl=1\" data-amp-layout=\"responsive\"\/><\/figure><\/div><\/div><\/div><\/div>\n\n\n\n<p><\/p>\n\n\n\n<div class=\"wp-block-jetpack-tiled-gallery aligncenter is-style-rectangular\"><div class=\"tiled-gallery__gallery\"><div class=\"tiled-gallery__row\"><div class=\"tiled-gallery__col\" style=\"flex-basis:71.56992%\"><figure class=\"tiled-gallery__item\"><img decoding=\"async\" srcset=\"https:\/\/i0.wp.com\/merchanlab.com.mx\/wp-content\/uploads\/2022\/06\/Merchanlab-Young-Winners-visual-merchandising-05-1024x805.jpg?strip=info&#038;w=600&#038;ssl=1 600w,https:\/\/i0.wp.com\/merchanlab.com.mx\/wp-content\/uploads\/2022\/06\/Merchanlab-Young-Winners-visual-merchandising-05-1024x805.jpg?strip=info&#038;w=900&#038;ssl=1 900w,https:\/\/i0.wp.com\/merchanlab.com.mx\/wp-content\/uploads\/2022\/06\/Merchanlab-Young-Winners-visual-merchandising-05-1024x805.jpg?strip=info&#038;w=1200&#038;ssl=1 1200w,https:\/\/i0.wp.com\/merchanlab.com.mx\/wp-content\/uploads\/2022\/06\/Merchanlab-Young-Winners-visual-merchandising-05-1024x805.jpg?strip=info&#038;w=1500&#038;ssl=1 1500w,https:\/\/i0.wp.com\/merchanlab.com.mx\/wp-content\/uploads\/2022\/06\/Merchanlab-Young-Winners-visual-merchandising-05-1024x805.jpg?strip=info&#038;w=1800&#038;ssl=1 1800w,https:\/\/i0.wp.com\/merchanlab.com.mx\/wp-content\/uploads\/2022\/06\/Merchanlab-Young-Winners-visual-merchandising-05-1024x805.jpg?strip=info&#038;w=2000&#038;ssl=1 2000w\" alt=\"\" data-height=\"1738\" data-id=\"4376\" data-link=\"https:\/\/merchanlab.com.mx\/?attachment_id=4376\" data-url=\"https:\/\/merchanlab.com.mx\/wp-content\/uploads\/2022\/06\/Merchanlab-Young-Winners-visual-merchandising-05-1024x805.jpg\" data-width=\"2210\" src=\"https:\/\/i0.wp.com\/merchanlab.com.mx\/wp-content\/uploads\/2022\/06\/Merchanlab-Young-Winners-visual-merchandising-05-1024x805.jpg?ssl=1\" data-amp-layout=\"responsive\"\/><\/figure><\/div><div class=\"tiled-gallery__col\" style=\"flex-basis:28.43008%\"><figure class=\"tiled-gallery__item\"><img decoding=\"async\" srcset=\"https:\/\/i1.wp.com\/merchanlab.com.mx\/wp-content\/uploads\/2022\/06\/Merchanlab-Young-Winners-visual-merchandising-06-1024x1004.jpg?strip=info&#038;w=600&#038;ssl=1 600w,https:\/\/i1.wp.com\/merchanlab.com.mx\/wp-content\/uploads\/2022\/06\/Merchanlab-Young-Winners-visual-merchandising-06-1024x1004.jpg?strip=info&#038;w=900&#038;ssl=1 900w,https:\/\/i1.wp.com\/merchanlab.com.mx\/wp-content\/uploads\/2022\/06\/Merchanlab-Young-Winners-visual-merchandising-06-1024x1004.jpg?strip=info&#038;w=1200&#038;ssl=1 1200w,https:\/\/i1.wp.com\/merchanlab.com.mx\/wp-content\/uploads\/2022\/06\/Merchanlab-Young-Winners-visual-merchandising-06-1024x1004.jpg?strip=info&#038;w=1500&#038;ssl=1 1500w,https:\/\/i1.wp.com\/merchanlab.com.mx\/wp-content\/uploads\/2022\/06\/Merchanlab-Young-Winners-visual-merchandising-06-1024x1004.jpg?strip=info&#038;w=1800&#038;ssl=1 1800w,https:\/\/i1.wp.com\/merchanlab.com.mx\/wp-content\/uploads\/2022\/06\/Merchanlab-Young-Winners-visual-merchandising-06-1024x1004.jpg?strip=info&#038;w=2000&#038;ssl=1 2000w\" alt=\"\" data-height=\"2399\" data-id=\"4377\" data-link=\"https:\/\/merchanlab.com.mx\/?attachment_id=4377\" data-url=\"https:\/\/merchanlab.com.mx\/wp-content\/uploads\/2022\/06\/Merchanlab-Young-Winners-visual-merchandising-06-1024x1004.jpg\" data-width=\"2448\" src=\"https:\/\/i1.wp.com\/merchanlab.com.mx\/wp-content\/uploads\/2022\/06\/Merchanlab-Young-Winners-visual-merchandising-06-1024x1004.jpg?ssl=1\" data-amp-layout=\"responsive\"\/><\/figure><figure class=\"tiled-gallery__item\"><img decoding=\"async\" srcset=\"https:\/\/i2.wp.com\/merchanlab.com.mx\/wp-content\/uploads\/2022\/06\/Merchanlab-Young-Winners-visual-merchandising-08-1024x1019.jpg?strip=info&#038;w=600&#038;ssl=1 600w,https:\/\/i2.wp.com\/merchanlab.com.mx\/wp-content\/uploads\/2022\/06\/Merchanlab-Young-Winners-visual-merchandising-08-1024x1019.jpg?strip=info&#038;w=900&#038;ssl=1 900w,https:\/\/i2.wp.com\/merchanlab.com.mx\/wp-content\/uploads\/2022\/06\/Merchanlab-Young-Winners-visual-merchandising-08-1024x1019.jpg?strip=info&#038;w=1200&#038;ssl=1 1200w,https:\/\/i2.wp.com\/merchanlab.com.mx\/wp-content\/uploads\/2022\/06\/Merchanlab-Young-Winners-visual-merchandising-08-1024x1019.jpg?strip=info&#038;w=1500&#038;ssl=1 1500w,https:\/\/i2.wp.com\/merchanlab.com.mx\/wp-content\/uploads\/2022\/06\/Merchanlab-Young-Winners-visual-merchandising-08-1024x1019.jpg?strip=info&#038;w=1800&#038;ssl=1 1800w,https:\/\/i2.wp.com\/merchanlab.com.mx\/wp-content\/uploads\/2022\/06\/Merchanlab-Young-Winners-visual-merchandising-08-1024x1019.jpg?strip=info&#038;w=2000&#038;ssl=1 2000w\" alt=\"\" data-height=\"2240\" data-id=\"4379\" data-link=\"https:\/\/merchanlab.com.mx\/?attachment_id=4379\" data-url=\"https:\/\/merchanlab.com.mx\/wp-content\/uploads\/2022\/06\/Merchanlab-Young-Winners-visual-merchandising-08-1024x1019.jpg\" data-width=\"2251\" src=\"https:\/\/i2.wp.com\/merchanlab.com.mx\/wp-content\/uploads\/2022\/06\/Merchanlab-Young-Winners-visual-merchandising-08-1024x1019.jpg?ssl=1\" data-amp-layout=\"responsive\"\/><\/figure><\/div><\/div><div class=\"tiled-gallery__row\"><div class=\"tiled-gallery__col\" style=\"flex-basis:100.00000%\"><figure class=\"tiled-gallery__item\"><img decoding=\"async\" srcset=\"https:\/\/i1.wp.com\/merchanlab.com.mx\/wp-content\/uploads\/2022\/06\/Merchanlab-Young-Winners-visual-merchandising-12-1024x440.jpg?strip=info&#038;w=600&#038;ssl=1 600w,https:\/\/i1.wp.com\/merchanlab.com.mx\/wp-content\/uploads\/2022\/06\/Merchanlab-Young-Winners-visual-merchandising-12-1024x440.jpg?strip=info&#038;w=900&#038;ssl=1 900w,https:\/\/i1.wp.com\/merchanlab.com.mx\/wp-content\/uploads\/2022\/06\/Merchanlab-Young-Winners-visual-merchandising-12-1024x440.jpg?strip=info&#038;w=1135&#038;ssl=1 1135w\" alt=\"\" data-height=\"488\" data-id=\"4380\" data-link=\"https:\/\/merchanlab.com.mx\/?attachment_id=4380\" data-url=\"https:\/\/merchanlab.com.mx\/wp-content\/uploads\/2022\/06\/Merchanlab-Young-Winners-visual-merchandising-12-1024x440.jpg\" data-width=\"1135\" src=\"https:\/\/i1.wp.com\/merchanlab.com.mx\/wp-content\/uploads\/2022\/06\/Merchanlab-Young-Winners-visual-merchandising-12-1024x440.jpg?ssl=1\" data-amp-layout=\"responsive\"\/><\/figure><\/div><\/div><\/div><\/div>","protected":false},"excerpt":{"rendered":"<p>Tiendas multimarca de ropa deportiva para ni\u00f1os y juniors.Actualizaci\u00f3n de la marca, implementaci\u00f3n de estrategias de mercadeo, dise\u00f1o de campa\u00f1as publicitarias y escaparates.<\/p>","protected":false},"author":1,"featured_media":0,"parent":0,"menu_order":0,"comment_status":"closed","ping_status":"closed","template":"","meta":{"footnotes":""},"class_list":["post-4368","page","type-page","status-publish","hentry"],"jetpack_sharing_enabled":true,"_links":{"self":[{"href":"https:\/\/merchanlab.com.mx\/en\/wp-json\/wp\/v2\/pages\/4368","targetHints":{"allow":["GET"]}}],"collection":[{"href":"https:\/\/merchanlab.com.mx\/en\/wp-json\/wp\/v2\/pages"}],"about":[{"href":"https:\/\/merchanlab.com.mx\/en\/wp-json\/wp\/v2\/types\/page"}],"author":[{"embeddable":true,"href":"https:\/\/merchanlab.com.mx\/en\/wp-json\/wp\/v2\/users\/1"}],"replies":[{"embeddable":true,"href":"https:\/\/merchanlab.com.mx\/en\/wp-json\/wp\/v2\/comments?post=4368"}],"version-history":[{"count":2,"href":"https:\/\/merchanlab.com.mx\/en\/wp-json\/wp\/v2\/pages\/4368\/revisions"}],"predecessor-version":[{"id":4858,"href":"https:\/\/merchanlab.com.mx\/en\/wp-json\/wp\/v2\/pages\/4368\/revisions\/4858"}],"wp:attachment":[{"href":"https:\/\/merchanlab.com.mx\/en\/wp-json\/wp\/v2\/media?parent=4368"}],"curies":[{"name":"wp","href":"https:\/\/api.w.org\/{rel}","templated":true}]}}