{"id":4624,"date":"2022-06-15T16:57:13","date_gmt":"2022-06-15T16:57:13","guid":{"rendered":"https:\/\/merchanlab.com.mx\/?page_id=4624"},"modified":"2022-07-13T17:42:18","modified_gmt":"2022-07-13T17:42:18","slug":"kelder-departamental","status":"publish","type":"page","link":"https:\/\/merchanlab.com.mx\/en\/kelder-departamental","title":{"rendered":"KELDER"},"content":{"rendered":"<p>Redesign and development of a new store layout, with improvements in organization and sales floor layout. <br>Concept of focal zones for commodities. Marketing and display manual.<\/p>\n\n\n\n<div class=\"wp-block-jetpack-tiled-gallery aligncenter is-style-rectangular\"><div class=\"tiled-gallery__gallery\"><div class=\"tiled-gallery__row\"><div class=\"tiled-gallery__col\" style=\"flex-basis:64.08289%\"><figure class=\"tiled-gallery__item\"><img decoding=\"async\" srcset=\"https:\/\/i1.wp.com\/merchanlab.com.mx\/wp-content\/uploads\/2022\/06\/MerchanLab-Visual-Merchandising-01-1024x936.jpg?strip=info&#038;w=600&#038;ssl=1 600w,https:\/\/i1.wp.com\/merchanlab.com.mx\/wp-content\/uploads\/2022\/06\/MerchanLab-Visual-Merchandising-01-1024x936.jpg?strip=info&#038;w=900&#038;ssl=1 900w,https:\/\/i1.wp.com\/merchanlab.com.mx\/wp-content\/uploads\/2022\/06\/MerchanLab-Visual-Merchandising-01-1024x936.jpg?strip=info&#038;w=1200&#038;ssl=1 1200w,https:\/\/i1.wp.com\/merchanlab.com.mx\/wp-content\/uploads\/2022\/06\/MerchanLab-Visual-Merchandising-01-1024x936.jpg?strip=info&#038;w=1500&#038;ssl=1 1500w,https:\/\/i1.wp.com\/merchanlab.com.mx\/wp-content\/uploads\/2022\/06\/MerchanLab-Visual-Merchandising-01-1024x936.jpg?strip=info&#038;w=1800&#038;ssl=1 1800w,https:\/\/i1.wp.com\/merchanlab.com.mx\/wp-content\/uploads\/2022\/06\/MerchanLab-Visual-Merchandising-01-1024x936.jpg?strip=info&#038;w=2000&#038;ssl=1 2000w\" alt=\"\" data-height=\"2234\" data-id=\"4628\" data-link=\"https:\/\/merchanlab.com.mx\/?attachment_id=4628\" data-url=\"https:\/\/merchanlab.com.mx\/wp-content\/uploads\/2022\/06\/MerchanLab-Visual-Merchandising-01-1024x936.jpg\" data-width=\"2444\" src=\"https:\/\/i1.wp.com\/merchanlab.com.mx\/wp-content\/uploads\/2022\/06\/MerchanLab-Visual-Merchandising-01-1024x936.jpg?ssl=1\" data-amp-layout=\"responsive\"\/><\/figure><\/div><div class=\"tiled-gallery__col\" style=\"flex-basis:35.91711%\"><figure class=\"tiled-gallery__item\"><img decoding=\"async\" srcset=\"https:\/\/i1.wp.com\/merchanlab.com.mx\/wp-content\/uploads\/2022\/06\/download.png?strip=info&#038;w=225&#038;ssl=1 225w\" alt=\"\" data-height=\"225\" data-id=\"4626\" data-link=\"https:\/\/merchanlab.com.mx\/?attachment_id=4626\" data-url=\"https:\/\/merchanlab.com.mx\/wp-content\/uploads\/2022\/06\/download.png\" data-width=\"225\" src=\"https:\/\/i1.wp.com\/merchanlab.com.mx\/wp-content\/uploads\/2022\/06\/download.png?ssl=1\" data-amp-layout=\"responsive\"\/><\/figure><figure class=\"tiled-gallery__item\"><img decoding=\"async\" srcset=\"https:\/\/i2.wp.com\/merchanlab.com.mx\/wp-content\/uploads\/2022\/06\/2016-11-25.jpg?strip=info&#038;w=480&#038;ssl=1 480w\" alt=\"\" data-height=\"300\" data-id=\"4625\" data-link=\"https:\/\/merchanlab.com.mx\/?attachment_id=4625\" data-url=\"https:\/\/merchanlab.com.mx\/wp-content\/uploads\/2022\/06\/2016-11-25.jpg\" data-width=\"480\" src=\"https:\/\/i2.wp.com\/merchanlab.com.mx\/wp-content\/uploads\/2022\/06\/2016-11-25.jpg?ssl=1\" data-amp-layout=\"responsive\"\/><\/figure><\/div><\/div><div class=\"tiled-gallery__row\"><div class=\"tiled-gallery__col\" style=\"flex-basis:27.46407%\"><figure class=\"tiled-gallery__item\"><img decoding=\"async\" srcset=\"https:\/\/i2.wp.com\/merchanlab.com.mx\/wp-content\/uploads\/2022\/06\/MerchanLab-Visual-Merchandising-02.jpg?strip=info&#038;w=600&#038;ssl=1 600w,https:\/\/i2.wp.com\/merchanlab.com.mx\/wp-content\/uploads\/2022\/06\/MerchanLab-Visual-Merchandising-02.jpg?strip=info&#038;w=900&#038;ssl=1 900w,https:\/\/i2.wp.com\/merchanlab.com.mx\/wp-content\/uploads\/2022\/06\/MerchanLab-Visual-Merchandising-02.jpg?strip=info&#038;w=940&#038;ssl=1 940w\" alt=\"\" data-height=\"846\" data-id=\"4629\" data-link=\"https:\/\/merchanlab.com.mx\/?attachment_id=4629\" data-url=\"https:\/\/merchanlab.com.mx\/wp-content\/uploads\/2022\/06\/MerchanLab-Visual-Merchandising-02.jpg\" data-width=\"940\" src=\"https:\/\/i2.wp.com\/merchanlab.com.mx\/wp-content\/uploads\/2022\/06\/MerchanLab-Visual-Merchandising-02.jpg?ssl=1\" data-amp-layout=\"responsive\"\/><\/figure><figure class=\"tiled-gallery__item\"><img decoding=\"async\" srcset=\"https:\/\/i2.wp.com\/merchanlab.com.mx\/wp-content\/uploads\/2022\/06\/MerchanLab-Visual-Merchandising-03.jpg?strip=info&#038;w=600&#038;ssl=1 600w,https:\/\/i2.wp.com\/merchanlab.com.mx\/wp-content\/uploads\/2022\/06\/MerchanLab-Visual-Merchandising-03.jpg?strip=info&#038;w=900&#038;ssl=1 900w,https:\/\/i2.wp.com\/merchanlab.com.mx\/wp-content\/uploads\/2022\/06\/MerchanLab-Visual-Merchandising-03.jpg?strip=info&#038;w=940&#038;ssl=1 940w\" alt=\"\" data-height=\"846\" data-id=\"4630\" data-link=\"https:\/\/merchanlab.com.mx\/?attachment_id=4630\" data-url=\"https:\/\/merchanlab.com.mx\/wp-content\/uploads\/2022\/06\/MerchanLab-Visual-Merchandising-03.jpg\" data-width=\"940\" src=\"https:\/\/i2.wp.com\/merchanlab.com.mx\/wp-content\/uploads\/2022\/06\/MerchanLab-Visual-Merchandising-03.jpg?ssl=1\" data-amp-layout=\"responsive\"\/><\/figure><\/div><div class=\"tiled-gallery__col\" style=\"flex-basis:72.53593%\"><figure class=\"tiled-gallery__item\"><img decoding=\"async\" srcset=\"https:\/\/i0.wp.com\/merchanlab.com.mx\/wp-content\/uploads\/2022\/06\/MerchanLab-Visual-Merchandising-04-1024x700.jpg?strip=info&#038;w=600&#038;ssl=1 600w,https:\/\/i0.wp.com\/merchanlab.com.mx\/wp-content\/uploads\/2022\/06\/MerchanLab-Visual-Merchandising-04-1024x700.jpg?strip=info&#038;w=900&#038;ssl=1 900w,https:\/\/i0.wp.com\/merchanlab.com.mx\/wp-content\/uploads\/2022\/06\/MerchanLab-Visual-Merchandising-04-1024x700.jpg?strip=info&#038;w=1200&#038;ssl=1 1200w,https:\/\/i0.wp.com\/merchanlab.com.mx\/wp-content\/uploads\/2022\/06\/MerchanLab-Visual-Merchandising-04-1024x700.jpg?strip=info&#038;w=1500&#038;ssl=1 1500w,https:\/\/i0.wp.com\/merchanlab.com.mx\/wp-content\/uploads\/2022\/06\/MerchanLab-Visual-Merchandising-04-1024x700.jpg?strip=info&#038;w=1800&#038;ssl=1 1800w,https:\/\/i0.wp.com\/merchanlab.com.mx\/wp-content\/uploads\/2022\/06\/MerchanLab-Visual-Merchandising-04-1024x700.jpg?strip=info&#038;w=2000&#038;ssl=1 2000w\" alt=\"\" data-height=\"1749\" data-id=\"4631\" data-link=\"https:\/\/merchanlab.com.mx\/?attachment_id=4631\" data-url=\"https:\/\/merchanlab.com.mx\/wp-content\/uploads\/2022\/06\/MerchanLab-Visual-Merchandising-04-1024x700.jpg\" data-width=\"2560\" src=\"https:\/\/i0.wp.com\/merchanlab.com.mx\/wp-content\/uploads\/2022\/06\/MerchanLab-Visual-Merchandising-04-1024x700.jpg?ssl=1\" data-amp-layout=\"responsive\"\/><\/figure><\/div><\/div><\/div><\/div>","protected":false},"excerpt":{"rendered":"<p>Redise\u00f1o y desarrollo de un nuevo layout de sus tiendas, mejoras en organizaci\u00f3n y acomodo de piso de venta. Concepto de zonas focales para productos b\u00e1sicos. \u00a0Manual de mercadeo y exhibici\u00f3n.<\/p>","protected":false},"author":1,"featured_media":0,"parent":0,"menu_order":0,"comment_status":"closed","ping_status":"closed","template":"","meta":{"footnotes":""},"class_list":["post-4624","page","type-page","status-publish","hentry"],"jetpack_sharing_enabled":true,"_links":{"self":[{"href":"https:\/\/merchanlab.com.mx\/en\/wp-json\/wp\/v2\/pages\/4624","targetHints":{"allow":["GET"]}}],"collection":[{"href":"https:\/\/merchanlab.com.mx\/en\/wp-json\/wp\/v2\/pages"}],"about":[{"href":"https:\/\/merchanlab.com.mx\/en\/wp-json\/wp\/v2\/types\/page"}],"author":[{"embeddable":true,"href":"https:\/\/merchanlab.com.mx\/en\/wp-json\/wp\/v2\/users\/1"}],"replies":[{"embeddable":true,"href":"https:\/\/merchanlab.com.mx\/en\/wp-json\/wp\/v2\/comments?post=4624"}],"version-history":[{"count":4,"href":"https:\/\/merchanlab.com.mx\/en\/wp-json\/wp\/v2\/pages\/4624\/revisions"}],"predecessor-version":[{"id":5105,"href":"https:\/\/merchanlab.com.mx\/en\/wp-json\/wp\/v2\/pages\/4624\/revisions\/5105"}],"wp:attachment":[{"href":"https:\/\/merchanlab.com.mx\/en\/wp-json\/wp\/v2\/media?parent=4624"}],"curies":[{"name":"wp","href":"https:\/\/api.w.org\/{rel}","templated":true}]}}