{"id":5106,"date":"2022-07-13T17:47:54","date_gmt":"2022-07-13T17:47:54","guid":{"rendered":"http:\/\/merchanlab.com.mx\/?page_id=5106"},"modified":"2025-09-03T07:32:01","modified_gmt":"2025-09-03T07:32:01","slug":"store-concept","status":"publish","type":"page","link":"https:\/\/merchanlab.com.mx\/en\/store-concept","title":{"rendered":"STORE CONCEPT"},"content":{"rendered":"<figure class=\"wp-block-image size-large\"><img loading=\"lazy\" decoding=\"async\" width=\"1024\" height=\"264\" src=\"http:\/\/merchanlab.com.mx\/wp-content\/uploads\/2022\/11\/ML_Texto_-Servicios_Store-Concept-1024x264.jpg\" alt=\"\" class=\"wp-image-5452\" srcset=\"https:\/\/merchanlab.com.mx\/wp-content\/uploads\/2022\/11\/ML_Texto_-Servicios_Store-Concept-1024x264.jpg 1024w, https:\/\/merchanlab.com.mx\/wp-content\/uploads\/2022\/11\/ML_Texto_-Servicios_Store-Concept-300x77.jpg 300w, https:\/\/merchanlab.com.mx\/wp-content\/uploads\/2022\/11\/ML_Texto_-Servicios_Store-Concept-768x198.jpg 768w, https:\/\/merchanlab.com.mx\/wp-content\/uploads\/2022\/11\/ML_Texto_-Servicios_Store-Concept.jpg 1080w\" sizes=\"auto, (max-width: 1024px) 100vw, 1024px\" \/><\/figure>\n\n\n\n<div class=\"wp-block-columns is-layout-flex wp-container-core-columns-is-layout-9d6595d7 wp-block-columns-is-layout-flex\">\n<div class=\"wp-block-column is-layout-flow wp-block-column-is-layout-flow\" style=\"flex-basis:33.33%\">\n<p>The atmosphere of a store's physical space can create a unique identity for your brand.<br><br>Proper space layout and product placement should guide customers through the entire store to influence their desire to purchase.<br><br>Proper space layout and product placement should guide customers through the entire store to influence their desire to purchase.<\/p>\n<\/div>\n\n\n\n<div class=\"wp-block-column is-layout-flow wp-block-column-is-layout-flow\" style=\"flex-basis:66.66%\">\n<figure class=\"wp-block-image size-full\"><a href=\"http:\/\/merchanlab.com.mx\/en\/sin-remitente\/\"><img loading=\"lazy\" decoding=\"async\" width=\"800\" height=\"577\" src=\"http:\/\/merchanlab.com.mx\/wp-content\/uploads\/2022\/07\/Merchanlab_Protectos_25_SinRemitente-1.png\" alt=\"\" class=\"wp-image-5083\" srcset=\"https:\/\/merchanlab.com.mx\/wp-content\/uploads\/2022\/07\/Merchanlab_Protectos_25_SinRemitente-1.png 800w, https:\/\/merchanlab.com.mx\/wp-content\/uploads\/2022\/07\/Merchanlab_Protectos_25_SinRemitente-1-300x216.png 300w, https:\/\/merchanlab.com.mx\/wp-content\/uploads\/2022\/07\/Merchanlab_Protectos_25_SinRemitente-1-768x554.png 768w\" sizes=\"auto, (max-width: 800px) 100vw, 800px\" \/><\/a><figcaption>Sin Remitente \/ Store Concept<\/figcaption><\/figure>\n<\/div>\n<\/div>\n\n\n\n<div class=\"wp-block-columns is-layout-flex wp-container-core-columns-is-layout-9d6595d7 wp-block-columns-is-layout-flex\">\n<div class=\"wp-block-column is-layout-flow wp-block-column-is-layout-flow\">\n<figure class=\"wp-block-image size-large\"><a href=\"http:\/\/merchanlab.com.mx\/en\/kuul\/\"><img loading=\"lazy\" decoding=\"async\" width=\"1024\" height=\"679\" src=\"http:\/\/merchanlab.com.mx\/wp-content\/uploads\/2022\/07\/Merchanlab_Protectos_21_Kuul-2-1024x679.jpg\" alt=\"\" class=\"wp-image-5069\" srcset=\"https:\/\/merchanlab.com.mx\/wp-content\/uploads\/2022\/07\/Merchanlab_Protectos_21_Kuul-2-1024x679.jpg 1024w, https:\/\/merchanlab.com.mx\/wp-content\/uploads\/2022\/07\/Merchanlab_Protectos_21_Kuul-2-300x199.jpg 300w, https:\/\/merchanlab.com.mx\/wp-content\/uploads\/2022\/07\/Merchanlab_Protectos_21_Kuul-2-768x509.jpg 768w, https:\/\/merchanlab.com.mx\/wp-content\/uploads\/2022\/07\/Merchanlab_Protectos_21_Kuul-2-1536x1018.jpg 1536w, https:\/\/merchanlab.com.mx\/wp-content\/uploads\/2022\/07\/Merchanlab_Protectos_21_Kuul-2-2048x1358.jpg 2048w\" sizes=\"auto, (max-width: 1024px) 100vw, 1024px\" \/><\/a><figcaption>K\u00dcUL \/\/ Assembly and execution<\/figcaption><\/figure>\n<\/div>\n\n\n\n<div class=\"wp-block-column is-layout-flow wp-block-column-is-layout-flow\">\n<p><br><strong>Store concept design services:<\/strong><br><br>\u2013 Design of attractive environments that encourage sales<br>\u2013 Concepts aligned with business objectives and brand identity<br>\u2013 Design of furniture and display elements<br>\u2013 Sales floor distribution and layout<br>\u2013 Planning customer traffic within the store<br>\u2013 Definition of product display capabilities<\/p>\n<\/div>\n<\/div>\n\n\n\n<div class=\"wp-block-columns is-layout-flex wp-container-core-columns-is-layout-9d6595d7 wp-block-columns-is-layout-flex\">\n<div class=\"wp-block-column is-layout-flow wp-block-column-is-layout-flow\" style=\"flex-basis:33.33%\"><\/div>\n\n\n\n<div class=\"wp-block-column is-layout-flow wp-block-column-is-layout-flow\" style=\"flex-basis:66.66%\"><\/div>\n<\/div>","protected":false},"excerpt":{"rendered":"<p>La atm\u00f3sfera del espacio f\u00edsico de una tienda puede crear una identidad \u00fanica para su marca. La concepci\u00f3n de un concepto de tienda incluye c\u00f3mo se distribuye, d\u00f3nde y c\u00f3mo se colocan productos, el flujo de clientes a trav\u00e9s del<\/p>","protected":false},"author":1,"featured_media":0,"parent":0,"menu_order":0,"comment_status":"closed","ping_status":"closed","template":"","meta":{"footnotes":""},"class_list":["post-5106","page","type-page","status-publish","hentry"],"jetpack_sharing_enabled":true,"_links":{"self":[{"href":"https:\/\/merchanlab.com.mx\/en\/wp-json\/wp\/v2\/pages\/5106","targetHints":{"allow":["GET"]}}],"collection":[{"href":"https:\/\/merchanlab.com.mx\/en\/wp-json\/wp\/v2\/pages"}],"about":[{"href":"https:\/\/merchanlab.com.mx\/en\/wp-json\/wp\/v2\/types\/page"}],"author":[{"embeddable":true,"href":"https:\/\/merchanlab.com.mx\/en\/wp-json\/wp\/v2\/users\/1"}],"replies":[{"embeddable":true,"href":"https:\/\/merchanlab.com.mx\/en\/wp-json\/wp\/v2\/comments?post=5106"}],"version-history":[{"count":13,"href":"https:\/\/merchanlab.com.mx\/en\/wp-json\/wp\/v2\/pages\/5106\/revisions"}],"predecessor-version":[{"id":5512,"href":"https:\/\/merchanlab.com.mx\/en\/wp-json\/wp\/v2\/pages\/5106\/revisions\/5512"}],"wp:attachment":[{"href":"https:\/\/merchanlab.com.mx\/en\/wp-json\/wp\/v2\/media?parent=5106"}],"curies":[{"name":"wp","href":"https:\/\/api.w.org\/{rel}","templated":true}]}}