{"id":5367,"date":"2022-10-26T18:52:21","date_gmt":"2022-10-26T18:52:21","guid":{"rendered":"http:\/\/merchanlab.com.mx\/?page_id=5367"},"modified":"2025-06-13T10:21:46","modified_gmt":"2025-06-13T10:21:46","slug":"servicios-2","status":"publish","type":"page","link":"https:\/\/merchanlab.com.mx\/en\/servicios-2","title":{"rendered":"SERVICES"},"content":{"rendered":"<div class=\"wp-block-columns alignwide is-layout-flex wp-container-core-columns-is-layout-9d6595d7 wp-block-columns-is-layout-flex\">\n<div class=\"wp-block-column has-white-background-color has-text-color has-background has-link-color wp-elements-cebafb3b87d04f9d66a65f36f79565c4 is-layout-flow wp-block-column-is-layout-flow\" style=\"color:#000000;padding-top:2em;padding-right:2em;padding-bottom:2em;padding-left:2em\">\n<figure class=\"wp-block-image size-full\"><img loading=\"lazy\" decoding=\"async\" width=\"680\" height=\"680\" src=\"http:\/\/merchanlab.com.mx\/wp-content\/uploads\/2022\/07\/Merchanlab-Agencia-Servicios-Merchandising-1.jpg\" alt=\"\" class=\"wp-image-5037\" srcset=\"https:\/\/merchanlab.com.mx\/wp-content\/uploads\/2022\/07\/Merchanlab-Agencia-Servicios-Merchandising-1.jpg 680w, https:\/\/merchanlab.com.mx\/wp-content\/uploads\/2022\/07\/Merchanlab-Agencia-Servicios-Merchandising-1-300x300.jpg 300w, https:\/\/merchanlab.com.mx\/wp-content\/uploads\/2022\/07\/Merchanlab-Agencia-Servicios-Merchandising-1-150x150.jpg 150w, https:\/\/merchanlab.com.mx\/wp-content\/uploads\/2022\/07\/Merchanlab-Agencia-Servicios-Merchandising-1-230x230.jpg 230w, https:\/\/merchanlab.com.mx\/wp-content\/uploads\/2022\/07\/Merchanlab-Agencia-Servicios-Merchandising-1-365x365.jpg 365w\" sizes=\"auto, (max-width: 680px) 100vw, 680px\" \/><\/figure>\n\n\n\n<figure class=\"wp-block-image size-large\"><img loading=\"lazy\" decoding=\"async\" width=\"1024\" height=\"264\" src=\"http:\/\/merchanlab.com.mx\/wp-content\/uploads\/2022\/10\/ML_Texto_-Servicios_Visual-Merchandising-1-1024x264.jpg\" alt=\"\" class=\"wp-image-5390\" srcset=\"https:\/\/merchanlab.com.mx\/wp-content\/uploads\/2022\/10\/ML_Texto_-Servicios_Visual-Merchandising-1-1024x264.jpg 1024w, https:\/\/merchanlab.com.mx\/wp-content\/uploads\/2022\/10\/ML_Texto_-Servicios_Visual-Merchandising-1-300x77.jpg 300w, https:\/\/merchanlab.com.mx\/wp-content\/uploads\/2022\/10\/ML_Texto_-Servicios_Visual-Merchandising-1-768x198.jpg 768w, https:\/\/merchanlab.com.mx\/wp-content\/uploads\/2022\/10\/ML_Texto_-Servicios_Visual-Merchandising-1.jpg 1080w\" sizes=\"auto, (max-width: 1024px) 100vw, 1024px\" \/><\/figure>\n\n\n\n<ul class=\"has-normal-font-size wp-block-list\"><li>Commercial exhibition strategies<\/li><li>Shopping experience improvements<\/li><li>Layouts and marketing strategies<\/li><li>Implementation of point-of-sale campaigns<\/li><li>Campaigns, launches and openings<\/li><li>Product rotation plans by category<\/li><li>Planograms and assembly guides<\/li><li>Product management and profitability<\/li><li>Staff training<br><\/li><\/ul>\n\n\n\n<div class=\"wp-block-buttons alignfull is-horizontal is-content-justification-center is-layout-flex wp-container-core-buttons-is-layout-499968f5 wp-block-buttons-is-layout-flex\">\n<div class=\"wp-block-button has-custom-width wp-block-button__width-100\"><a class=\"wp-block-button__link has-white-color has-text-color has-background no-border-radius\" href=\"http:\/\/merchanlab.com.mx\/en\/visual-merchandising\/\" style=\"background-color:#000000\">Learn more<\/a><\/div>\n<\/div>\n<\/div>\n\n\n\n<div class=\"wp-block-column has-white-background-color has-text-color has-background has-link-color wp-elements-89376f5d7d5c2e651cb7efc3c7eb4d7d is-layout-flow wp-block-column-is-layout-flow\" style=\"color:#000000;padding-top:2em;padding-right:2em;padding-bottom:2em;padding-left:2em\">\n<figure class=\"wp-block-image size-full\"><img loading=\"lazy\" decoding=\"async\" width=\"680\" height=\"680\" src=\"http:\/\/merchanlab.com.mx\/wp-content\/uploads\/2022\/07\/Merchanlab-Agencia-Servicios-Escaparatismo.jpg\" alt=\"\" class=\"wp-image-5038\" srcset=\"https:\/\/merchanlab.com.mx\/wp-content\/uploads\/2022\/07\/Merchanlab-Agencia-Servicios-Escaparatismo.jpg 680w, https:\/\/merchanlab.com.mx\/wp-content\/uploads\/2022\/07\/Merchanlab-Agencia-Servicios-Escaparatismo-300x300.jpg 300w, https:\/\/merchanlab.com.mx\/wp-content\/uploads\/2022\/07\/Merchanlab-Agencia-Servicios-Escaparatismo-150x150.jpg 150w, https:\/\/merchanlab.com.mx\/wp-content\/uploads\/2022\/07\/Merchanlab-Agencia-Servicios-Escaparatismo-230x230.jpg 230w, https:\/\/merchanlab.com.mx\/wp-content\/uploads\/2022\/07\/Merchanlab-Agencia-Servicios-Escaparatismo-365x365.jpg 365w\" sizes=\"auto, (max-width: 680px) 100vw, 680px\" \/><\/figure>\n\n\n\n<figure class=\"wp-block-image size-large\"><img loading=\"lazy\" decoding=\"async\" width=\"1024\" height=\"264\" src=\"http:\/\/merchanlab.com.mx\/wp-content\/uploads\/2022\/10\/ML_Texto_-Servicios_Disen\u0303o-de-escaparates-1-1024x264.jpg\" alt=\"\" class=\"wp-image-5391\" srcset=\"\" sizes=\"auto, (max-width: 1024px) 100vw, 1024px\" data-srcset=\"\" \/><\/figure>\n\n\n\n<ul class=\"has-normal-font-size wp-block-list\"><li>Conceptualization of space<\/li><li>Campaign implementation<\/li><li>Product launches and store openings<\/li><li>Scheduling commercial dates<\/li><li>Planograms and assembly guides<\/li><li>Mannequin styling<\/li><li>Advice on the purchase of furniture<\/li><li>Production and assembly<\/li><li>Training of assembly teams<br><\/li><\/ul>\n\n\n\n<div class=\"wp-block-buttons alignfull is-horizontal is-content-justification-center is-layout-flex wp-container-core-buttons-is-layout-499968f5 wp-block-buttons-is-layout-flex\">\n<div class=\"wp-block-button has-custom-width wp-block-button__width-100 is-style-fill\"><a class=\"wp-block-button__link has-white-color has-text-color has-background no-border-radius\" href=\"http:\/\/merchanlab.com.mx\/en\/visual-merchandising\/\" style=\"background-color:#000000\">Learn more<\/a><\/div>\n<\/div>\n<\/div>\n<\/div>\n\n\n\n<div style=\"height:100px\" aria-hidden=\"true\" class=\"wp-block-spacer\"><\/div>\n\n\n\n<div class=\"wp-block-columns alignwide is-layout-flex wp-container-core-columns-is-layout-9d6595d7 wp-block-columns-is-layout-flex\">\n<div class=\"wp-block-column has-white-background-color has-text-color has-background has-link-color wp-elements-c1d8e5b2c4f74f64c717704f748b8e7d is-layout-flow wp-block-column-is-layout-flow\" style=\"color:#000000;padding-top:2em;padding-right:2em;padding-bottom:2em;padding-left:2em\">\n<figure class=\"wp-block-image size-full\"><img loading=\"lazy\" decoding=\"async\" width=\"680\" height=\"680\" src=\"http:\/\/merchanlab.com.mx\/wp-content\/uploads\/2022\/07\/Merchanlab-Agencia-Servicios-StoreConcept.jpg\" alt=\"\" class=\"wp-image-5039\" srcset=\"https:\/\/merchanlab.com.mx\/wp-content\/uploads\/2022\/07\/Merchanlab-Agencia-Servicios-StoreConcept.jpg 680w, https:\/\/merchanlab.com.mx\/wp-content\/uploads\/2022\/07\/Merchanlab-Agencia-Servicios-StoreConcept-300x300.jpg 300w, https:\/\/merchanlab.com.mx\/wp-content\/uploads\/2022\/07\/Merchanlab-Agencia-Servicios-StoreConcept-150x150.jpg 150w, https:\/\/merchanlab.com.mx\/wp-content\/uploads\/2022\/07\/Merchanlab-Agencia-Servicios-StoreConcept-230x230.jpg 230w, https:\/\/merchanlab.com.mx\/wp-content\/uploads\/2022\/07\/Merchanlab-Agencia-Servicios-StoreConcept-365x365.jpg 365w\" sizes=\"auto, (max-width: 680px) 100vw, 680px\" \/><\/figure>\n\n\n\n<figure class=\"wp-block-image size-large\"><img loading=\"lazy\" decoding=\"async\" width=\"1024\" height=\"264\" src=\"http:\/\/merchanlab.com.mx\/wp-content\/uploads\/2022\/10\/ML_Texto_-Servicios_Store-concept-design-1024x264.jpg\" alt=\"\" class=\"wp-image-5395\" srcset=\"https:\/\/merchanlab.com.mx\/wp-content\/uploads\/2022\/10\/ML_Texto_-Servicios_Store-concept-design-1024x264.jpg 1024w, https:\/\/merchanlab.com.mx\/wp-content\/uploads\/2022\/10\/ML_Texto_-Servicios_Store-concept-design-300x77.jpg 300w, https:\/\/merchanlab.com.mx\/wp-content\/uploads\/2022\/10\/ML_Texto_-Servicios_Store-concept-design-768x198.jpg 768w, https:\/\/merchanlab.com.mx\/wp-content\/uploads\/2022\/10\/ML_Texto_-Servicios_Store-concept-design.jpg 1080w\" sizes=\"auto, (max-width: 1024px) 100vw, 1024px\" \/><\/figure>\n\n\n\n<ul class=\"has-normal-font-size wp-block-list\"><li>Design of attractive commercial environments<\/li><li>Design of furniture and display elements<\/li><li>Sales floor layout and distribution<\/li><li>In-store traffic planning<\/li><li>Product display capabilities<\/li><li>Store concepts aligned with commercial objectives<br>Mountings and store openings<br><\/li><\/ul>\n\n\n\n<div class=\"wp-block-buttons alignfull is-horizontal is-content-justification-center is-layout-flex wp-container-core-buttons-is-layout-499968f5 wp-block-buttons-is-layout-flex\">\n<div class=\"wp-block-button has-custom-width wp-block-button__width-100\"><a class=\"wp-block-button__link has-white-color has-text-color has-background no-border-radius\" href=\"http:\/\/merchanlab.com.mx\/en\/visual-merchandising\/\" style=\"background-color:#000000\">Learn more<\/a><\/div>\n<\/div>\n<\/div>\n\n\n\n<div class=\"wp-block-column has-white-background-color has-text-color has-background has-link-color wp-elements-446967cf6b585443b13cb1fda5f803f7 is-layout-flow wp-block-column-is-layout-flow\" style=\"color:#000000;padding-top:2em;padding-right:2em;padding-bottom:2em;padding-left:2em\">\n<figure class=\"wp-block-image size-full\"><img loading=\"lazy\" decoding=\"async\" width=\"680\" height=\"680\" src=\"http:\/\/merchanlab.com.mx\/wp-content\/uploads\/2022\/07\/Merchanlab-Agencia-Servicios-InStore-design.jpg\" alt=\"\" class=\"wp-image-5040\" srcset=\"https:\/\/merchanlab.com.mx\/wp-content\/uploads\/2022\/07\/Merchanlab-Agencia-Servicios-InStore-design.jpg 680w, https:\/\/merchanlab.com.mx\/wp-content\/uploads\/2022\/07\/Merchanlab-Agencia-Servicios-InStore-design-300x300.jpg 300w, https:\/\/merchanlab.com.mx\/wp-content\/uploads\/2022\/07\/Merchanlab-Agencia-Servicios-InStore-design-150x150.jpg 150w, https:\/\/merchanlab.com.mx\/wp-content\/uploads\/2022\/07\/Merchanlab-Agencia-Servicios-InStore-design-230x230.jpg 230w, https:\/\/merchanlab.com.mx\/wp-content\/uploads\/2022\/07\/Merchanlab-Agencia-Servicios-InStore-design-365x365.jpg 365w\" sizes=\"auto, (max-width: 680px) 100vw, 680px\" \/><\/figure>\n\n\n\n<figure class=\"wp-block-image size-large\"><img loading=\"lazy\" decoding=\"async\" width=\"1024\" height=\"264\" src=\"http:\/\/merchanlab.com.mx\/wp-content\/uploads\/2022\/10\/ML_Texto_-Store-graphic-design-1024x264.jpg\" alt=\"\" class=\"wp-image-5396\" srcset=\"https:\/\/merchanlab.com.mx\/wp-content\/uploads\/2022\/10\/ML_Texto_-Store-graphic-design-1024x264.jpg 1024w, https:\/\/merchanlab.com.mx\/wp-content\/uploads\/2022\/10\/ML_Texto_-Store-graphic-design-300x77.jpg 300w, https:\/\/merchanlab.com.mx\/wp-content\/uploads\/2022\/10\/ML_Texto_-Store-graphic-design-768x198.jpg 768w, https:\/\/merchanlab.com.mx\/wp-content\/uploads\/2022\/10\/ML_Texto_-Store-graphic-design.jpg 1080w\" sizes=\"auto, (max-width: 1024px) 100vw, 1024px\" \/><\/figure>\n\n\n\n<ul class=\"has-normal-font-size wp-block-list\"><li>Design of visual communication strategies<\/li><li>Implementation of POP campaigns<\/li><li>Graphic promotional applications<\/li><li>Communication of product details<\/li><li>Price tags and signage<\/li><li>Brand communication manuals<\/li><li>Production and assembly<br><\/li><\/ul>\n\n\n\n<div class=\"wp-block-buttons alignfull is-horizontal is-content-justification-center is-layout-flex wp-container-core-buttons-is-layout-499968f5 wp-block-buttons-is-layout-flex\">\n<div class=\"wp-block-button has-custom-width wp-block-button__width-100 is-style-fill\"><a class=\"wp-block-button__link has-white-color has-text-color has-background no-border-radius\" href=\"http:\/\/merchanlab.com.mx\/en\/diseno-grafico-instore-graphic-design\/\" style=\"background-color:#000000\">Learn more<\/a><\/div>\n<\/div>\n<\/div>\n<\/div>\n\n\n\n<div style=\"height:100px\" aria-hidden=\"true\" class=\"wp-block-spacer\"><\/div>\n\n\n\n<div class=\"wp-block-columns alignwide is-layout-flex wp-container-core-columns-is-layout-9d6595d7 wp-block-columns-is-layout-flex\">\n<div class=\"wp-block-column has-white-background-color has-text-color has-background has-link-color wp-elements-d3e6d6aed0ff433f8881079e4f44fa8a is-layout-flow wp-block-column-is-layout-flow\" style=\"color:#000000;padding-top:2em;padding-right:2em;padding-bottom:2em;padding-left:2em\">\n<figure class=\"wp-block-image size-full\"><img loading=\"lazy\" decoding=\"async\" width=\"680\" height=\"680\" src=\"http:\/\/merchanlab.com.mx\/wp-content\/uploads\/2022\/07\/Merchanlab-Agencia-Servicios-Branding.jpg\" alt=\"\" class=\"wp-image-5041\" srcset=\"https:\/\/merchanlab.com.mx\/wp-content\/uploads\/2022\/07\/Merchanlab-Agencia-Servicios-Branding.jpg 680w, https:\/\/merchanlab.com.mx\/wp-content\/uploads\/2022\/07\/Merchanlab-Agencia-Servicios-Branding-300x300.jpg 300w, https:\/\/merchanlab.com.mx\/wp-content\/uploads\/2022\/07\/Merchanlab-Agencia-Servicios-Branding-150x150.jpg 150w, https:\/\/merchanlab.com.mx\/wp-content\/uploads\/2022\/07\/Merchanlab-Agencia-Servicios-Branding-230x230.jpg 230w, https:\/\/merchanlab.com.mx\/wp-content\/uploads\/2022\/07\/Merchanlab-Agencia-Servicios-Branding-365x365.jpg 365w\" sizes=\"auto, (max-width: 680px) 100vw, 680px\" \/><\/figure>\n\n\n\n<figure class=\"wp-block-image size-large\"><img loading=\"lazy\" decoding=\"async\" width=\"1024\" height=\"264\" src=\"http:\/\/merchanlab.com.mx\/wp-content\/uploads\/2022\/10\/ML_Texto_-Servicios_Commercial-branding-design-1024x264.jpg\" alt=\"\" class=\"wp-image-5399\" srcset=\"https:\/\/merchanlab.com.mx\/wp-content\/uploads\/2022\/10\/ML_Texto_-Servicios_Commercial-branding-design-1024x264.jpg 1024w, https:\/\/merchanlab.com.mx\/wp-content\/uploads\/2022\/10\/ML_Texto_-Servicios_Commercial-branding-design-300x77.jpg 300w, https:\/\/merchanlab.com.mx\/wp-content\/uploads\/2022\/10\/ML_Texto_-Servicios_Commercial-branding-design-768x198.jpg 768w, https:\/\/merchanlab.com.mx\/wp-content\/uploads\/2022\/10\/ML_Texto_-Servicios_Commercial-branding-design.jpg 1080w\" sizes=\"auto, (max-width: 1024px) 100vw, 1024px\" \/><\/figure>\n\n\n\n<ul class=\"has-normal-font-size wp-block-list\"><li>Naming and logo development<\/li><li>Conception of brand strategies<\/li><li>Graphic application design<\/li><li>Signage<\/li><li>Editorial and advertising design<\/li><li>Packaging and label design<br><\/li><\/ul>\n\n\n\n<div class=\"wp-block-buttons alignfull is-horizontal is-content-justification-center is-layout-flex wp-container-core-buttons-is-layout-499968f5 wp-block-buttons-is-layout-flex\">\n<div class=\"wp-block-button has-custom-width wp-block-button__width-100\"><a class=\"wp-block-button__link has-white-color has-text-color has-background no-border-radius\" href=\"http:\/\/merchanlab.com.mx\/en\/visual-merchandising\/\" style=\"background-color:#000000\">Learn more<\/a><\/div>\n<\/div>\n<\/div>\n\n\n\n<div class=\"wp-block-column has-white-background-color has-text-color has-background has-link-color wp-elements-0db1dbda61a428939331943d3e4e47fa is-layout-flow wp-block-column-is-layout-flow\" style=\"color:#000000;padding-top:2em;padding-right:2em;padding-bottom:2em;padding-left:2em\">\n<figure class=\"wp-block-image size-full\"><img loading=\"lazy\" decoding=\"async\" width=\"680\" height=\"680\" src=\"http:\/\/merchanlab.com.mx\/wp-content\/uploads\/2022\/07\/Merchanlab-Agencia-Servicios-Training.jpg\" alt=\"\" class=\"wp-image-5042\" srcset=\"https:\/\/merchanlab.com.mx\/wp-content\/uploads\/2022\/07\/Merchanlab-Agencia-Servicios-Training.jpg 680w, https:\/\/merchanlab.com.mx\/wp-content\/uploads\/2022\/07\/Merchanlab-Agencia-Servicios-Training-300x300.jpg 300w, https:\/\/merchanlab.com.mx\/wp-content\/uploads\/2022\/07\/Merchanlab-Agencia-Servicios-Training-150x150.jpg 150w, https:\/\/merchanlab.com.mx\/wp-content\/uploads\/2022\/07\/Merchanlab-Agencia-Servicios-Training-230x230.jpg 230w, https:\/\/merchanlab.com.mx\/wp-content\/uploads\/2022\/07\/Merchanlab-Agencia-Servicios-Training-365x365.jpg 365w\" sizes=\"auto, (max-width: 680px) 100vw, 680px\" \/><\/figure>\n\n\n\n<figure class=\"wp-block-image size-large\"><img loading=\"lazy\" decoding=\"async\" width=\"1024\" height=\"264\" src=\"http:\/\/merchanlab.com.mx\/wp-content\/uploads\/2022\/10\/ML_Texto_-Servicios_Training-y-workshops-1024x264.jpg\" alt=\"\" class=\"wp-image-5400\" srcset=\"https:\/\/merchanlab.com.mx\/wp-content\/uploads\/2022\/10\/ML_Texto_-Servicios_Training-y-workshops-1024x264.jpg 1024w, https:\/\/merchanlab.com.mx\/wp-content\/uploads\/2022\/10\/ML_Texto_-Servicios_Training-y-workshops-300x77.jpg 300w, https:\/\/merchanlab.com.mx\/wp-content\/uploads\/2022\/10\/ML_Texto_-Servicios_Training-y-workshops-768x198.jpg 768w, https:\/\/merchanlab.com.mx\/wp-content\/uploads\/2022\/10\/ML_Texto_-Servicios_Training-y-workshops.jpg 1080w\" sizes=\"auto, (max-width: 1024px) 100vw, 1024px\" \/><\/figure>\n\n\n\n<ul class=\"has-normal-font-size wp-block-list\"><li>Continuing education and updating courses<\/li><li>Development of work teams in VM<\/li><li>Role profiling and competency development<\/li><li>Tailor-made workshops and conferences<\/li><li>Visual strategy manuals<\/li><li>Consulting and coaching<br><\/li><\/ul>\n\n\n\n<div class=\"wp-block-buttons alignfull is-horizontal is-content-justification-center is-layout-flex wp-container-core-buttons-is-layout-499968f5 wp-block-buttons-is-layout-flex\">\n<div class=\"wp-block-button has-custom-width wp-block-button__width-100 is-style-fill\"><a class=\"wp-block-button__link has-white-color has-text-color has-background no-border-radius\" style=\"background-color:#000000\">Learn more<\/a><\/div>\n<\/div>\n<\/div>\n<\/div>\n\n\n\n<p><\/p>","protected":false},"excerpt":{"rendered":"<p>Estrategias comerciales de exhibici\u00f3n Mejoras de la experiencia de compra Layouts y estrat\u00e9gias de mercadeo Implementaci\u00f3n de campa\u00f1as en punto de venta Campa\u00f1as, lanzamientos y aperturas Planes de rotaci\u00f3n de productos por categor\u00eda Planogramas y gu\u00edas de montaje Gesti\u00f3n de<\/p>","protected":false},"author":1,"featured_media":0,"parent":0,"menu_order":0,"comment_status":"closed","ping_status":"closed","template":"","meta":{"footnotes":""},"class_list":["post-5367","page","type-page","status-publish","hentry"],"jetpack_sharing_enabled":true,"_links":{"self":[{"href":"https:\/\/merchanlab.com.mx\/en\/wp-json\/wp\/v2\/pages\/5367","targetHints":{"allow":["GET"]}}],"collection":[{"href":"https:\/\/merchanlab.com.mx\/en\/wp-json\/wp\/v2\/pages"}],"about":[{"href":"https:\/\/merchanlab.com.mx\/en\/wp-json\/wp\/v2\/types\/page"}],"author":[{"embeddable":true,"href":"https:\/\/merchanlab.com.mx\/en\/wp-json\/wp\/v2\/users\/1"}],"replies":[{"embeddable":true,"href":"https:\/\/merchanlab.com.mx\/en\/wp-json\/wp\/v2\/comments?post=5367"}],"version-history":[{"count":25,"href":"https:\/\/merchanlab.com.mx\/en\/wp-json\/wp\/v2\/pages\/5367\/revisions"}],"predecessor-version":[{"id":5503,"href":"https:\/\/merchanlab.com.mx\/en\/wp-json\/wp\/v2\/pages\/5367\/revisions\/5503"}],"wp:attachment":[{"href":"https:\/\/merchanlab.com.mx\/en\/wp-json\/wp\/v2\/media?parent=5367"}],"curies":[{"name":"wp","href":"https:\/\/api.w.org\/{rel}","templated":true}]}}