{"id":547,"date":"2016-06-15T16:41:24","date_gmt":"2016-06-15T16:41:24","guid":{"rendered":"http:\/\/merchanlab.com.mx\/?page_id=547"},"modified":"2022-11-15T17:50:10","modified_gmt":"2022-11-15T17:50:10","slug":"diseno-grafico-instore-graphic-design","status":"publish","type":"page","link":"https:\/\/merchanlab.com.mx\/en\/diseno-grafico-instore-graphic-design","title":{"rendered":"GRAPHIC DESIGN"},"content":{"rendered":"<figure class=\"wp-block-image size-large\"><img loading=\"lazy\" decoding=\"async\" width=\"1024\" height=\"264\" src=\"http:\/\/merchanlab.com.mx\/wp-content\/uploads\/2022\/11\/ML_Texto_-Servicios_DG-1024x264.jpg\" alt=\"\" class=\"wp-image-5457\" srcset=\"https:\/\/merchanlab.com.mx\/wp-content\/uploads\/2022\/11\/ML_Texto_-Servicios_DG-1024x264.jpg 1024w, https:\/\/merchanlab.com.mx\/wp-content\/uploads\/2022\/11\/ML_Texto_-Servicios_DG-300x77.jpg 300w, https:\/\/merchanlab.com.mx\/wp-content\/uploads\/2022\/11\/ML_Texto_-Servicios_DG-768x198.jpg 768w, https:\/\/merchanlab.com.mx\/wp-content\/uploads\/2022\/11\/ML_Texto_-Servicios_DG.jpg 1080w\" sizes=\"auto, (max-width: 1024px) 100vw, 1024px\" \/><\/figure>\n\n\n\n<p><\/p>\n\n\n\n<div class=\"wp-block-columns is-layout-flex wp-container-core-columns-is-layout-9d6595d7 wp-block-columns-is-layout-flex\">\n<div class=\"wp-block-column is-layout-flow wp-block-column-is-layout-flow\">\n<p><\/p>\n\n\n\n<p><\/p>\n\n\n\n<p><\/p>\n\n\n\n<p>Design and graphic style communicate the brand's personality to customers.<\/p>\n\n\n\n<p>Signage and visual elements at points of sale are part of the shopping experience, creating interest and driving sales.<\/p>\n\n\n\n<p>The essence of the brand includes the communication of product details, including label design, signage, font, and content.<br><br><\/p>\n\n\n\n<figure class=\"wp-block-image size-large\"><img loading=\"lazy\" decoding=\"async\" width=\"1024\" height=\"918\" src=\"http:\/\/merchanlab.com.mx\/wp-content\/uploads\/2022\/07\/MerchanLab-Yunico-Branding-02-1-1024x918.jpg\" alt=\"\" class=\"wp-image-4996\" srcset=\"https:\/\/merchanlab.com.mx\/wp-content\/uploads\/2022\/07\/MerchanLab-Yunico-Branding-02-1-1024x918.jpg 1024w, https:\/\/merchanlab.com.mx\/wp-content\/uploads\/2022\/07\/MerchanLab-Yunico-Branding-02-1-300x269.jpg 300w, https:\/\/merchanlab.com.mx\/wp-content\/uploads\/2022\/07\/MerchanLab-Yunico-Branding-02-1-768x689.jpg 768w, https:\/\/merchanlab.com.mx\/wp-content\/uploads\/2022\/07\/MerchanLab-Yunico-Branding-02-1-1536x1377.jpg 1536w, https:\/\/merchanlab.com.mx\/wp-content\/uploads\/2022\/07\/MerchanLab-Yunico-Branding-02-1-2048x1836.jpg 2048w\" sizes=\"auto, (max-width: 1024px) 100vw, 1024px\" \/><figcaption>Yunico \/\/ Branding<\/figcaption><\/figure>\n<\/div>\n\n\n\n<div class=\"wp-block-column is-layout-flow wp-block-column-is-layout-flow\">\n<figure class=\"wp-block-image size-full is-resized\"><img loading=\"lazy\" decoding=\"async\" src=\"http:\/\/merchanlab.com.mx\/wp-content\/uploads\/2022\/06\/MerchanLab-CA-Graphic-Design.png\" alt=\"\" class=\"wp-image-4567\" width=\"427\" height=\"559\" srcset=\"https:\/\/merchanlab.com.mx\/wp-content\/uploads\/2022\/06\/MerchanLab-CA-Graphic-Design.png 457w, https:\/\/merchanlab.com.mx\/wp-content\/uploads\/2022\/06\/MerchanLab-CA-Graphic-Design-229x300.png 229w\" sizes=\"auto, (max-width: 427px) 100vw, 427px\" \/><figcaption>C&amp;A \/\/ Graphic Design<\/figcaption><\/figure>\n<\/div>\n<\/div>\n\n\n\n<div class=\"wp-block-columns is-layout-flex wp-container-core-columns-is-layout-9d6595d7 wp-block-columns-is-layout-flex\">\n<div class=\"wp-block-column is-layout-flow wp-block-column-is-layout-flow\" style=\"flex-basis:33.33%\">\n<div style=\"height:62px\" aria-hidden=\"true\" class=\"wp-block-spacer\"><\/div>\n\n\n\n<p><strong>Branding services<\/strong><\/p>\n\n\n\n<p>\u2013 Brand strategies<br>\u2013 Naming and logo development<br>\u2013 Graphic application design<br>\u2013 Signage<br>\u2013 Editorial and advertising design<br>\u2013 Packaging and label design<\/p>\n<\/div>\n\n\n\n<div class=\"wp-block-column is-layout-flow wp-block-column-is-layout-flow\" style=\"flex-basis:66.66%\">\n<figure class=\"wp-block-image size-large is-resized\"><img loading=\"lazy\" decoding=\"async\" src=\"http:\/\/merchanlab.com.mx\/wp-content\/uploads\/2022\/06\/MerchanLab-Branding-HairAgain-05-1024x683.jpg\" alt=\"\" class=\"wp-image-4784\" width=\"625\" height=\"416\" srcset=\"https:\/\/merchanlab.com.mx\/wp-content\/uploads\/2022\/06\/MerchanLab-Branding-HairAgain-05-1024x683.jpg 1024w, https:\/\/merchanlab.com.mx\/wp-content\/uploads\/2022\/06\/MerchanLab-Branding-HairAgain-05-300x200.jpg 300w, https:\/\/merchanlab.com.mx\/wp-content\/uploads\/2022\/06\/MerchanLab-Branding-HairAgain-05-768x512.jpg 768w, https:\/\/merchanlab.com.mx\/wp-content\/uploads\/2022\/06\/MerchanLab-Branding-HairAgain-05-1536x1025.jpg 1536w, https:\/\/merchanlab.com.mx\/wp-content\/uploads\/2022\/06\/MerchanLab-Branding-HairAgain-05-2048x1366.jpg 2048w\" sizes=\"auto, (max-width: 625px) 100vw, 625px\" \/><figcaption>Hair Again \/\/ Branding<\/figcaption><\/figure>\n<\/div>\n<\/div>\n\n\n\n<div class=\"wp-block-columns is-layout-flex wp-container-core-columns-is-layout-9d6595d7 wp-block-columns-is-layout-flex\">\n<div class=\"wp-block-column is-layout-flow wp-block-column-is-layout-flow\">\n<figure class=\"wp-block-image size-large is-resized\"><a href=\"https:\/\/merchanlab.com.mx\/en\/young-winners\/\"><img loading=\"lazy\" decoding=\"async\" src=\"http:\/\/merchanlab.com.mx\/wp-content\/uploads\/2022\/06\/Merchanlab-Young-Winners-visual-merchandising-02-768x1024.jpg\" alt=\"\" class=\"wp-image-4370\" width=\"491\" height=\"655\" srcset=\"https:\/\/merchanlab.com.mx\/wp-content\/uploads\/2022\/06\/Merchanlab-Young-Winners-visual-merchandising-02-768x1024.jpg 768w, https:\/\/merchanlab.com.mx\/wp-content\/uploads\/2022\/06\/Merchanlab-Young-Winners-visual-merchandising-02-225x300.jpg 225w, https:\/\/merchanlab.com.mx\/wp-content\/uploads\/2022\/06\/Merchanlab-Young-Winners-visual-merchandising-02-1152x1536.jpg 1152w, https:\/\/merchanlab.com.mx\/wp-content\/uploads\/2022\/06\/Merchanlab-Young-Winners-visual-merchandising-02-1536x2048.jpg 1536w, https:\/\/merchanlab.com.mx\/wp-content\/uploads\/2022\/06\/Merchanlab-Young-Winners-visual-merchandising-02-scaled.jpg 1920w\" sizes=\"auto, (max-width: 491px) 100vw, 491px\" \/><\/a><figcaption>Young Winners \/\/ Visual communication within the store...<\/figcaption><\/figure>\n<\/div>\n\n\n\n<div class=\"wp-block-column is-layout-flow wp-block-column-is-layout-flow\">\n<div style=\"height:138px\" aria-hidden=\"true\" class=\"wp-block-spacer\"><\/div>\n\n\n\n<p><strong>InStore design services<\/strong> <\/p>\n\n\n\n<p>\u2013 Visual communication strategies<br>\u2013 Implementation of POP campaigns<br>\u2013 Graphic promotional applications<br>\u2013 Communication of product details<br>\u2013 Price tags and signage<br>\u2013 Brand communication manuals<\/p>\n<\/div>\n<\/div>","protected":false},"excerpt":{"rendered":"<p>El dise\u00f1o y el estilo gr\u00e1fico comunican la personalidad de la marca a los clientes. La se\u00f1alizaci\u00f3n y elementos visuales en los puntos de venta forman parte de la experiencia de compra, crean inter\u00e9s e impulsan las ventas. La esencia<\/p>","protected":false},"author":1,"featured_media":0,"parent":0,"menu_order":0,"comment_status":"closed","ping_status":"closed","template":"","meta":{"footnotes":""},"class_list":["post-547","page","type-page","status-publish","hentry"],"jetpack_sharing_enabled":true,"_links":{"self":[{"href":"https:\/\/merchanlab.com.mx\/en\/wp-json\/wp\/v2\/pages\/547","targetHints":{"allow":["GET"]}}],"collection":[{"href":"https:\/\/merchanlab.com.mx\/en\/wp-json\/wp\/v2\/pages"}],"about":[{"href":"https:\/\/merchanlab.com.mx\/en\/wp-json\/wp\/v2\/types\/page"}],"author":[{"embeddable":true,"href":"https:\/\/merchanlab.com.mx\/en\/wp-json\/wp\/v2\/users\/1"}],"replies":[{"embeddable":true,"href":"https:\/\/merchanlab.com.mx\/en\/wp-json\/wp\/v2\/comments?post=547"}],"version-history":[{"count":15,"href":"https:\/\/merchanlab.com.mx\/en\/wp-json\/wp\/v2\/pages\/547\/revisions"}],"predecessor-version":[{"id":5461,"href":"https:\/\/merchanlab.com.mx\/en\/wp-json\/wp\/v2\/pages\/547\/revisions\/5461"}],"wp:attachment":[{"href":"https:\/\/merchanlab.com.mx\/en\/wp-json\/wp\/v2\/media?parent=547"}],"curies":[{"name":"wp","href":"https:\/\/api.w.org\/{rel}","templated":true}]}}