{"id":593,"date":"2016-06-15T17:49:26","date_gmt":"2016-06-15T17:49:26","guid":{"rendered":"http:\/\/merchanlab.com.mx\/?page_id=593"},"modified":"2022-06-29T16:48:05","modified_gmt":"2022-06-29T16:48:05","slug":"ca-senalizacion-comercial","status":"publish","type":"page","link":"https:\/\/merchanlab.com.mx\/en\/ca-senalizacion-comercial","title":{"rendered":"C&#038;A \/\/ DISE\u00d1O GRAFICO"},"content":{"rendered":"<p>Graphic application design incorporating a logo element into a fresh, uniform, and institutional image.<\/p>\n\n\n\n<div class=\"wp-block-jetpack-tiled-gallery aligncenter is-style-rectangular\"><div class=\"tiled-gallery__gallery\"><div class=\"tiled-gallery__row\"><div class=\"tiled-gallery__col\" style=\"flex-basis:30.91013%\"><figure class=\"tiled-gallery__item\"><img decoding=\"async\" srcset=\"https:\/\/i0.wp.com\/merchanlab.com.mx\/wp-content\/uploads\/2022\/05\/MerchanLab-CA-Campan%CC%83a-02-1.png?strip=info&#038;w=283&#038;ssl=1 283w\" alt=\"\" data-height=\"403\" data-id=\"4264\" data-link=\"https:\/\/merchanlab.com.mx\/ca-senalizacion-comercial\/merchanlab-ca-campan%cc%83a-02-1\" data-url=\"https:\/\/merchanlab.com.mx\/wp-content\/uploads\/2022\/05\/MerchanLab-CA-Campan\u0303a-02-1.png\" data-width=\"283\" src=\"https:\/\/i0.wp.com\/merchanlab.com.mx\/wp-content\/uploads\/2022\/05\/MerchanLab-CA-Campan%CC%83a-02-1.png?ssl=1\" data-amp-layout=\"responsive\"\/><\/figure><\/div><div class=\"tiled-gallery__col\" style=\"flex-basis:34.18896%\"><figure class=\"tiled-gallery__item\"><img decoding=\"async\" srcset=\"https:\/\/i2.wp.com\/merchanlab.com.mx\/wp-content\/uploads\/2022\/05\/MerchanLab-CA-Campan%CC%83a-03-2.jpg?strip=info&#038;w=390&#038;ssl=1 390w\" alt=\"\" data-height=\"502\" data-id=\"4265\" data-link=\"https:\/\/merchanlab.com.mx\/ca-senalizacion-comercial\/merchanlab-ca-campan%cc%83a-03-2-2\" data-url=\"https:\/\/merchanlab.com.mx\/wp-content\/uploads\/2022\/05\/MerchanLab-CA-Campan\u0303a-03-2.jpg\" data-width=\"390\" src=\"https:\/\/i2.wp.com\/merchanlab.com.mx\/wp-content\/uploads\/2022\/05\/MerchanLab-CA-Campan%CC%83a-03-2.jpg?ssl=1\" data-amp-layout=\"responsive\"\/><\/figure><\/div><div class=\"tiled-gallery__col\" style=\"flex-basis:34.90091%\"><figure class=\"tiled-gallery__item\"><img decoding=\"async\" srcset=\"https:\/\/i0.wp.com\/merchanlab.com.mx\/wp-content\/uploads\/2022\/05\/MerchanLab-CA-Campan%CC%83a-04-3.png?strip=info&#038;w=460&#038;ssl=1 460w\" alt=\"\" data-height=\"580\" data-id=\"4267\" data-link=\"https:\/\/merchanlab.com.mx\/ca-senalizacion-comercial\/merchanlab-ca-campan%cc%83a-04-3\" data-url=\"https:\/\/merchanlab.com.mx\/wp-content\/uploads\/2022\/05\/MerchanLab-CA-Campan\u0303a-04-3.png\" data-width=\"460\" src=\"https:\/\/i0.wp.com\/merchanlab.com.mx\/wp-content\/uploads\/2022\/05\/MerchanLab-CA-Campan%CC%83a-04-3.png?ssl=1\" data-amp-layout=\"responsive\"\/><\/figure><\/div><\/div><div class=\"tiled-gallery__row\"><div class=\"tiled-gallery__col\" style=\"flex-basis:49.54608%\"><figure class=\"tiled-gallery__item\"><img decoding=\"async\" srcset=\"https:\/\/i1.wp.com\/merchanlab.com.mx\/wp-content\/uploads\/2022\/05\/MerchanLab-CA-Campan%CC%83a-01-5.png?strip=info&#038;w=457&#038;ssl=1 457w\" alt=\"\" data-height=\"598\" data-id=\"4263\" data-link=\"https:\/\/merchanlab.com.mx\/ca-senalizacion-comercial\/merchanlab-ca-campan%cc%83a-01-5\" data-url=\"https:\/\/merchanlab.com.mx\/wp-content\/uploads\/2022\/05\/MerchanLab-CA-Campan\u0303a-01-5.png\" data-width=\"457\" src=\"https:\/\/i1.wp.com\/merchanlab.com.mx\/wp-content\/uploads\/2022\/05\/MerchanLab-CA-Campan%CC%83a-01-5.png?ssl=1\" data-amp-layout=\"responsive\"\/><\/figure><\/div><div class=\"tiled-gallery__col\" style=\"flex-basis:50.45392%\"><figure class=\"tiled-gallery__item\"><img decoding=\"async\" srcset=\"https:\/\/i2.wp.com\/merchanlab.com.mx\/wp-content\/uploads\/2022\/05\/MerchanLab-CA-Campan%CC%83a-03-2.png?strip=info&#038;w=565&#038;ssl=1 565w\" alt=\"\" data-height=\"726\" data-id=\"4266\" data-link=\"https:\/\/merchanlab.com.mx\/ca-senalizacion-comercial\/merchanlab-ca-campan%cc%83a-03-2-3\" data-url=\"https:\/\/merchanlab.com.mx\/wp-content\/uploads\/2022\/05\/MerchanLab-CA-Campan\u0303a-03-2.png\" data-width=\"565\" src=\"https:\/\/i2.wp.com\/merchanlab.com.mx\/wp-content\/uploads\/2022\/05\/MerchanLab-CA-Campan%CC%83a-03-2.png?ssl=1\" data-amp-layout=\"responsive\"\/><\/figure><\/div><\/div><\/div><\/div>\n\n\n\n<p><\/p>\n\n\n\n<p>Aplicaciones en piso de venta.<\/p>\n\n\n\n<div class=\"wp-block-jetpack-tiled-gallery aligncenter is-style-rectangular\"><div class=\"tiled-gallery__gallery\"><div class=\"tiled-gallery__row\"><div class=\"tiled-gallery__col\" style=\"flex-basis:49.50343%\"><figure class=\"tiled-gallery__item\"><img decoding=\"async\" srcset=\"https:\/\/i0.wp.com\/merchanlab.com.mx\/wp-content\/uploads\/2022\/05\/MerchanLab-CA-Tiendas-01-1-768x1024.jpg?strip=info&#038;w=600&#038;ssl=1 600w,https:\/\/i0.wp.com\/merchanlab.com.mx\/wp-content\/uploads\/2022\/05\/MerchanLab-CA-Tiendas-01-1-768x1024.jpg?strip=info&#038;w=900&#038;ssl=1 900w,https:\/\/i0.wp.com\/merchanlab.com.mx\/wp-content\/uploads\/2022\/05\/MerchanLab-CA-Tiendas-01-1-768x1024.jpg?strip=info&#038;w=1200&#038;ssl=1 1200w,https:\/\/i0.wp.com\/merchanlab.com.mx\/wp-content\/uploads\/2022\/05\/MerchanLab-CA-Tiendas-01-1-768x1024.jpg?strip=info&#038;w=1500&#038;ssl=1 1500w,https:\/\/i0.wp.com\/merchanlab.com.mx\/wp-content\/uploads\/2022\/05\/MerchanLab-CA-Tiendas-01-1-768x1024.jpg?strip=info&#038;w=1536&#038;ssl=1 1536w\" alt=\"\" data-height=\"2048\" data-id=\"4269\" data-link=\"https:\/\/merchanlab.com.mx\/ca-senalizacion-comercial\/merchanlab-ca-tiendas-01-1\" data-url=\"https:\/\/merchanlab.com.mx\/wp-content\/uploads\/2022\/05\/MerchanLab-CA-Tiendas-01-1-768x1024.jpg\" data-width=\"1536\" src=\"https:\/\/i0.wp.com\/merchanlab.com.mx\/wp-content\/uploads\/2022\/05\/MerchanLab-CA-Tiendas-01-1-768x1024.jpg?ssl=1\" data-amp-layout=\"responsive\"\/><\/figure><\/div><div class=\"tiled-gallery__col\" style=\"flex-basis:50.49657%\"><figure class=\"tiled-gallery__item\"><img decoding=\"async\" srcset=\"https:\/\/i0.wp.com\/merchanlab.com.mx\/wp-content\/uploads\/2022\/05\/MerchanLab-CA-Tiendas-02-1-783x1024.jpg?strip=info&#038;w=600&#038;ssl=1 600w,https:\/\/i0.wp.com\/merchanlab.com.mx\/wp-content\/uploads\/2022\/05\/MerchanLab-CA-Tiendas-02-1-783x1024.jpg?strip=info&#038;w=900&#038;ssl=1 900w,https:\/\/i0.wp.com\/merchanlab.com.mx\/wp-content\/uploads\/2022\/05\/MerchanLab-CA-Tiendas-02-1-783x1024.jpg?strip=info&#038;w=1200&#038;ssl=1 1200w,https:\/\/i0.wp.com\/merchanlab.com.mx\/wp-content\/uploads\/2022\/05\/MerchanLab-CA-Tiendas-02-1-783x1024.jpg?strip=info&#038;w=1244&#038;ssl=1 1244w\" alt=\"\" data-height=\"1626\" data-id=\"4270\" data-link=\"https:\/\/merchanlab.com.mx\/ca-senalizacion-comercial\/merchanlab-ca-tiendas-02-1\" data-url=\"https:\/\/merchanlab.com.mx\/wp-content\/uploads\/2022\/05\/MerchanLab-CA-Tiendas-02-1-783x1024.jpg\" data-width=\"1244\" src=\"https:\/\/i0.wp.com\/merchanlab.com.mx\/wp-content\/uploads\/2022\/05\/MerchanLab-CA-Tiendas-02-1-783x1024.jpg?ssl=1\" data-amp-layout=\"responsive\"\/><\/figure><\/div><\/div><\/div><\/div>\n\n\n\n<p><\/p>\n\n\n\n<p><\/p>\n\n\n\n<p>Dise\u00f1o del directorio de entrada para comunicar campa\u00f1as y promociones.<\/p>\n\n\n\n<div class=\"wp-block-jetpack-tiled-gallery aligncenter is-style-rectangular\"><div class=\"tiled-gallery__gallery\"><div class=\"tiled-gallery__row\"><div class=\"tiled-gallery__col\" style=\"flex-basis:51.39320%\"><figure class=\"tiled-gallery__item\"><img decoding=\"async\" srcset=\"https:\/\/i1.wp.com\/merchanlab.com.mx\/wp-content\/uploads\/2022\/05\/MerchanLab-CYA-Directorio-01-1-1-815x1024.jpg?strip=info&#038;w=600&#038;ssl=1 600w,https:\/\/i1.wp.com\/merchanlab.com.mx\/wp-content\/uploads\/2022\/05\/MerchanLab-CYA-Directorio-01-1-1-815x1024.jpg?strip=info&#038;w=900&#038;ssl=1 900w,https:\/\/i1.wp.com\/merchanlab.com.mx\/wp-content\/uploads\/2022\/05\/MerchanLab-CYA-Directorio-01-1-1-815x1024.jpg?strip=info&#038;w=979&#038;ssl=1 979w\" alt=\"\" data-height=\"1230\" data-id=\"4271\" data-link=\"https:\/\/merchanlab.com.mx\/ca-senalizacion-comercial\/merchanlab-cya-directorio-01-1-1\" data-url=\"https:\/\/merchanlab.com.mx\/wp-content\/uploads\/2022\/05\/MerchanLab-CYA-Directorio-01-1-1-815x1024.jpg\" data-width=\"979\" src=\"https:\/\/i1.wp.com\/merchanlab.com.mx\/wp-content\/uploads\/2022\/05\/MerchanLab-CYA-Directorio-01-1-1-815x1024.jpg?ssl=1\" data-amp-layout=\"responsive\"\/><\/figure><\/div><div class=\"tiled-gallery__col\" style=\"flex-basis:48.60680%\"><figure class=\"tiled-gallery__item\"><img decoding=\"async\" srcset=\"https:\/\/i1.wp.com\/merchanlab.com.mx\/wp-content\/uploads\/2022\/05\/MerchanLab-CYA-Directorio-02-1-1-771x1024.jpg?strip=info&#038;w=600&#038;ssl=1 600w,https:\/\/i1.wp.com\/merchanlab.com.mx\/wp-content\/uploads\/2022\/05\/MerchanLab-CYA-Directorio-02-1-1-771x1024.jpg?strip=info&#038;w=900&#038;ssl=1 900w,https:\/\/i1.wp.com\/merchanlab.com.mx\/wp-content\/uploads\/2022\/05\/MerchanLab-CYA-Directorio-02-1-1-771x1024.jpg?strip=info&#038;w=968&#038;ssl=1 968w\" alt=\"\" data-height=\"1286\" data-id=\"4272\" data-link=\"https:\/\/merchanlab.com.mx\/ca-senalizacion-comercial\/merchanlab-cya-directorio-02-1-1\" data-url=\"https:\/\/merchanlab.com.mx\/wp-content\/uploads\/2022\/05\/MerchanLab-CYA-Directorio-02-1-1-771x1024.jpg\" data-width=\"968\" src=\"https:\/\/i1.wp.com\/merchanlab.com.mx\/wp-content\/uploads\/2022\/05\/MerchanLab-CYA-Directorio-02-1-1-771x1024.jpg?ssl=1\" data-amp-layout=\"responsive\"\/><\/figure><\/div><\/div><\/div><\/div>\n\n\n\n<p><\/p>\n\n\n\n<p><\/p>\n\n\n\n<p>Nueva estrat\u00e9gia de identificaci\u00f3n y etiquetado para el \u00e1rea infantil<\/p>\n\n\n\n<div class=\"wp-block-jetpack-tiled-gallery aligncenter is-style-rectangular\"><div class=\"tiled-gallery__gallery\"><div class=\"tiled-gallery__row\"><div class=\"tiled-gallery__col\" style=\"flex-basis:66.93721%\"><figure class=\"tiled-gallery__item\"><img decoding=\"async\" srcset=\"https:\/\/i2.wp.com\/merchanlab.com.mx\/wp-content\/uploads\/2022\/05\/MerchanLab-CA-Etiquetas-01-2.jpg?strip=info&#038;w=600&#038;ssl=1 600w,https:\/\/i2.wp.com\/merchanlab.com.mx\/wp-content\/uploads\/2022\/05\/MerchanLab-CA-Etiquetas-01-2.jpg?strip=info&#038;w=640&#038;ssl=1 640w\" alt=\"\" data-height=\"480\" data-id=\"4273\" data-link=\"https:\/\/merchanlab.com.mx\/ca-senalizacion-comercial\/merchanlab-ca-etiquetas-01-2\" data-url=\"https:\/\/merchanlab.com.mx\/wp-content\/uploads\/2022\/05\/MerchanLab-CA-Etiquetas-01-2.jpg\" data-width=\"640\" src=\"https:\/\/i2.wp.com\/merchanlab.com.mx\/wp-content\/uploads\/2022\/05\/MerchanLab-CA-Etiquetas-01-2.jpg?ssl=1\" data-amp-layout=\"responsive\"\/><\/figure><\/div><div class=\"tiled-gallery__col\" style=\"flex-basis:33.06279%\"><figure class=\"tiled-gallery__item\"><img decoding=\"async\" srcset=\"https:\/\/i2.wp.com\/merchanlab.com.mx\/wp-content\/uploads\/2022\/05\/MerchanLab-CA-Etiquetas-04-2.jpg?strip=info&#038;w=389&#038;ssl=1 389w\" alt=\"\" data-height=\"297\" data-id=\"4276\" data-link=\"https:\/\/merchanlab.com.mx\/ca-senalizacion-comercial\/merchanlab-ca-etiquetas-04-2\" data-url=\"https:\/\/merchanlab.com.mx\/wp-content\/uploads\/2022\/05\/MerchanLab-CA-Etiquetas-04-2.jpg\" data-width=\"389\" src=\"https:\/\/i2.wp.com\/merchanlab.com.mx\/wp-content\/uploads\/2022\/05\/MerchanLab-CA-Etiquetas-04-2.jpg?ssl=1\" data-amp-layout=\"responsive\"\/><\/figure><figure class=\"tiled-gallery__item\"><img decoding=\"async\" srcset=\"https:\/\/i1.wp.com\/merchanlab.com.mx\/wp-content\/uploads\/2022\/05\/MerchanLab-CA-Etiquetas-03-2.jpg?strip=info&#038;w=427&#038;ssl=1 427w\" alt=\"\" data-height=\"320\" data-id=\"4275\" data-link=\"https:\/\/merchanlab.com.mx\/ca-senalizacion-comercial\/merchanlab-ca-etiquetas-03-2\" data-url=\"https:\/\/merchanlab.com.mx\/wp-content\/uploads\/2022\/05\/MerchanLab-CA-Etiquetas-03-2.jpg\" data-width=\"427\" src=\"https:\/\/i1.wp.com\/merchanlab.com.mx\/wp-content\/uploads\/2022\/05\/MerchanLab-CA-Etiquetas-03-2.jpg?ssl=1\" data-amp-layout=\"responsive\"\/><\/figure><\/div><\/div><div class=\"tiled-gallery__row\"><div class=\"tiled-gallery__col\" style=\"flex-basis:49.98052%\"><figure class=\"tiled-gallery__item\"><img decoding=\"async\" srcset=\"https:\/\/i2.wp.com\/merchanlab.com.mx\/wp-content\/uploads\/2022\/05\/MerchanLab-CA-Etiquetas-02-2.jpg?strip=info&#038;w=600&#038;ssl=1 600w,https:\/\/i2.wp.com\/merchanlab.com.mx\/wp-content\/uploads\/2022\/05\/MerchanLab-CA-Etiquetas-02-2.jpg?strip=info&#038;w=640&#038;ssl=1 640w\" alt=\"\" data-height=\"480\" data-id=\"4274\" data-link=\"https:\/\/merchanlab.com.mx\/ca-senalizacion-comercial\/merchanlab-ca-etiquetas-02-2\" data-url=\"https:\/\/merchanlab.com.mx\/wp-content\/uploads\/2022\/05\/MerchanLab-CA-Etiquetas-02-2.jpg\" data-width=\"640\" src=\"https:\/\/i2.wp.com\/merchanlab.com.mx\/wp-content\/uploads\/2022\/05\/MerchanLab-CA-Etiquetas-02-2.jpg?ssl=1\" data-amp-layout=\"responsive\"\/><\/figure><\/div><div class=\"tiled-gallery__col\" style=\"flex-basis:50.01948%\"><figure class=\"tiled-gallery__item\"><img decoding=\"async\" srcset=\"https:\/\/i1.wp.com\/merchanlab.com.mx\/wp-content\/uploads\/2022\/05\/MerchanLab-CA-Etiquetas-05-2.jpg?strip=info&#038;w=427&#038;ssl=1 427w\" alt=\"\" data-height=\"320\" data-id=\"4277\" data-link=\"https:\/\/merchanlab.com.mx\/ca-senalizacion-comercial\/merchanlab-ca-etiquetas-05-2\" data-url=\"https:\/\/merchanlab.com.mx\/wp-content\/uploads\/2022\/05\/MerchanLab-CA-Etiquetas-05-2.jpg\" data-width=\"427\" src=\"https:\/\/i1.wp.com\/merchanlab.com.mx\/wp-content\/uploads\/2022\/05\/MerchanLab-CA-Etiquetas-05-2.jpg?ssl=1\" data-amp-layout=\"responsive\"\/><\/figure><\/div><\/div><\/div><\/div>\n\n\n\n<p>Nuevo formato de se\u00f1alizaci\u00f3n y preciadores<\/p>\n\n\n\n<div class=\"wp-block-jetpack-tiled-gallery aligncenter is-style-rectangular\"><div class=\"tiled-gallery__gallery\"><div class=\"tiled-gallery__row\"><div class=\"tiled-gallery__col\" style=\"flex-basis:55.38379%\"><figure class=\"tiled-gallery__item\"><img decoding=\"async\" srcset=\"https:\/\/i2.wp.com\/merchanlab.com.mx\/wp-content\/uploads\/2022\/05\/MerchanLab-CA-Railcard-01-1-763x1024.jpg?strip=info&#038;w=600&#038;ssl=1 600w,https:\/\/i2.wp.com\/merchanlab.com.mx\/wp-content\/uploads\/2022\/05\/MerchanLab-CA-Railcard-01-1-763x1024.jpg?strip=info&#038;w=900&#038;ssl=1 900w,https:\/\/i2.wp.com\/merchanlab.com.mx\/wp-content\/uploads\/2022\/05\/MerchanLab-CA-Railcard-01-1-763x1024.jpg?strip=info&#038;w=1200&#038;ssl=1 1200w,https:\/\/i2.wp.com\/merchanlab.com.mx\/wp-content\/uploads\/2022\/05\/MerchanLab-CA-Railcard-01-1-763x1024.jpg?strip=info&#038;w=1284&#038;ssl=1 1284w\" alt=\"\" data-height=\"1723\" data-id=\"4278\" data-link=\"https:\/\/merchanlab.com.mx\/ca-senalizacion-comercial\/merchanlab-ca-railcard-01-1\" data-url=\"https:\/\/merchanlab.com.mx\/wp-content\/uploads\/2022\/05\/MerchanLab-CA-Railcard-01-1-763x1024.jpg\" data-width=\"1284\" src=\"https:\/\/i2.wp.com\/merchanlab.com.mx\/wp-content\/uploads\/2022\/05\/MerchanLab-CA-Railcard-01-1-763x1024.jpg?ssl=1\" data-amp-layout=\"responsive\"\/><\/figure><\/div><div class=\"tiled-gallery__col\" style=\"flex-basis:44.61621%\"><figure class=\"tiled-gallery__item\"><img decoding=\"async\" srcset=\"https:\/\/i0.wp.com\/merchanlab.com.mx\/wp-content\/uploads\/2022\/05\/MerchanLab-CA-Railcard-02-1.jpg?strip=info&#038;w=600&#038;ssl=1 600w,https:\/\/i0.wp.com\/merchanlab.com.mx\/wp-content\/uploads\/2022\/05\/MerchanLab-CA-Railcard-02-1.jpg?strip=info&#038;w=733&#038;ssl=1 733w\" alt=\"\" data-height=\"637\" data-id=\"4279\" data-link=\"https:\/\/merchanlab.com.mx\/ca-senalizacion-comercial\/merchanlab-ca-railcard-02-1\" data-url=\"https:\/\/merchanlab.com.mx\/wp-content\/uploads\/2022\/05\/MerchanLab-CA-Railcard-02-1.jpg\" data-width=\"733\" src=\"https:\/\/i0.wp.com\/merchanlab.com.mx\/wp-content\/uploads\/2022\/05\/MerchanLab-CA-Railcard-02-1.jpg?ssl=1\" data-amp-layout=\"responsive\"\/><\/figure><figure class=\"tiled-gallery__item\"><img decoding=\"async\" srcset=\"https:\/\/i1.wp.com\/merchanlab.com.mx\/wp-content\/uploads\/2022\/05\/MerchanLab-CA-Railcard-03-1.jpg?strip=info&#038;w=600&#038;ssl=1 600w,https:\/\/i1.wp.com\/merchanlab.com.mx\/wp-content\/uploads\/2022\/05\/MerchanLab-CA-Railcard-03-1.jpg?strip=info&#038;w=733&#038;ssl=1 733w\" alt=\"\" data-height=\"579\" data-id=\"4280\" data-link=\"https:\/\/merchanlab.com.mx\/ca-senalizacion-comercial\/merchanlab-ca-railcard-03-1\" data-url=\"https:\/\/merchanlab.com.mx\/wp-content\/uploads\/2022\/05\/MerchanLab-CA-Railcard-03-1.jpg\" data-width=\"733\" src=\"https:\/\/i1.wp.com\/merchanlab.com.mx\/wp-content\/uploads\/2022\/05\/MerchanLab-CA-Railcard-03-1.jpg?ssl=1\" data-amp-layout=\"responsive\"\/><\/figure><\/div><\/div><\/div><\/div>\n\n\n\n<p><\/p>","protected":false},"excerpt":{"rendered":"<p>Dise\u00f1o de aplicaciones gr\u00e1ficas incorporando un elemento del logotipo en una imagen fresca, uniforme e institucional. Aplicaciones en piso de venta. Dise\u00f1o del directorio de entrada para comunicar campa\u00f1as y promociones. Nueva estrat\u00e9gia de identificaci\u00f3n y etiquetado para el \u00e1rea<\/p>","protected":false},"author":1,"featured_media":0,"parent":0,"menu_order":0,"comment_status":"closed","ping_status":"closed","template":"","meta":{"footnotes":""},"class_list":["post-593","page","type-page","status-publish","hentry"],"jetpack_sharing_enabled":true,"_links":{"self":[{"href":"https:\/\/merchanlab.com.mx\/en\/wp-json\/wp\/v2\/pages\/593","targetHints":{"allow":["GET"]}}],"collection":[{"href":"https:\/\/merchanlab.com.mx\/en\/wp-json\/wp\/v2\/pages"}],"about":[{"href":"https:\/\/merchanlab.com.mx\/en\/wp-json\/wp\/v2\/types\/page"}],"author":[{"embeddable":true,"href":"https:\/\/merchanlab.com.mx\/en\/wp-json\/wp\/v2\/users\/1"}],"replies":[{"embeddable":true,"href":"https:\/\/merchanlab.com.mx\/en\/wp-json\/wp\/v2\/comments?post=593"}],"version-history":[{"count":26,"href":"https:\/\/merchanlab.com.mx\/en\/wp-json\/wp\/v2\/pages\/593\/revisions"}],"predecessor-version":[{"id":4876,"href":"https:\/\/merchanlab.com.mx\/en\/wp-json\/wp\/v2\/pages\/593\/revisions\/4876"}],"wp:attachment":[{"href":"https:\/\/merchanlab.com.mx\/en\/wp-json\/wp\/v2\/media?parent=593"}],"curies":[{"name":"wp","href":"https:\/\/api.w.org\/{rel}","templated":true}]}}